{"id":31436,"date":"2023-06-28T07:12:20","date_gmt":"2023-06-28T07:12:20","guid":{"rendered":"https:\/\/www.vivaialvianobonelli.it\/piante\/peche-platicarpa-jaune\/"},"modified":"2023-06-28T07:12:20","modified_gmt":"2023-06-28T07:12:20","slug":"peche-platicarpa-jaune","status":"publish","type":"product","link":"https:\/\/www.vivaialvianobonelli.it\/fr\/piante\/peche-platicarpa-jaune\/","title":{"rendered":"P\u00caCHE PLATICARPA JAUNE"},"content":{"rendered":"<p>Gros fruit \u00e0 pulpe jaune.<br \/>\nLa forme est plate, l\u00e9g\u00e8rement asym\u00e9trique, avec un sommet creux et une ligne de suture l\u00e9g\u00e8rement saillante.<br \/>\nLa pulpe est jaune, tr\u00e8s ferme, tr\u00e8s r\u00e9sistante aux manipulations.<\/p>\n","protected":false},"excerpt":{"rendered":"<p>Gros fruit \u00e0 pulpe jaune. La forme est plate, l\u00e9g\u00e8rement asym\u00e9trique, avec un sommet creux et une ligne de suture l\u00e9g\u00e8rement saillante. La pulpe est jaune, tr\u00e8s ferme, tr\u00e8s r\u00e9sistante aux manipulations.<\/p>\n","protected":false},"featured_media":0,"template":"","meta":[],"product_cat":[267],"product_tag":[],"class_list":["post-31436","product","type-product","status-publish","hentry","product_cat-peches-prunus-persica"],"yoast_head":"<!-- This site is optimized with the Yoast SEO plugin v26.1 - https:\/\/yoast.com\/wordpress\/plugins\/seo\/ -->\n<title>P\u00caCHE PLATICARPA JAUNE - Vivai Alviano Bonelli - Cultivar a Pescia<\/title>\n<meta name=\"robots\" content=\"index, follow, max-snippet:-1, max-image-preview:large, max-video-preview:-1\" \/>\n<link rel=\"canonical\" href=\"https:\/\/www.vivaialvianobonelli.it\/fr\/piante\/peche-platicarpa-jaune\/\" \/>\n<meta property=\"og:locale\" content=\"fr_FR\" \/>\n<meta property=\"og:type\" content=\"article\" \/>\n<meta property=\"og:title\" content=\"P\u00caCHE PLATICARPA JAUNE - Vivai Alviano Bonelli - Cultivar a Pescia\" \/>\n<meta property=\"og:description\" content=\"Gros fruit \u00e0 pulpe jaune. La forme est plate, l\u00e9g\u00e8rement asym\u00e9trique, avec un sommet creux et une ligne de suture l\u00e9g\u00e8rement saillante. La pulpe est jaune, tr\u00e8s ferme, tr\u00e8s r\u00e9sistante aux manipulations.\" \/>\n<meta property=\"og:url\" content=\"https:\/\/www.vivaialvianobonelli.it\/fr\/piante\/peche-platicarpa-jaune\/\" \/>\n<meta property=\"og:site_name\" content=\"Vivai Alviano Bonelli - Cultivar a Pescia\" \/>\n<meta property=\"article:publisher\" content=\"https:\/\/www.facebook.com\/VivaiBonelli\/\" \/>\n<meta name=\"twitter:card\" content=\"summary_large_image\" \/>\n<script type=\"application\/ld+json\" class=\"yoast-schema-graph\">{\"@context\":\"https:\/\/schema.org\",\"@graph\":[{\"@type\":\"WebPage\",\"@id\":\"https:\/\/www.vivaialvianobonelli.it\/fr\/piante\/peche-platicarpa-jaune\/\",\"url\":\"https:\/\/www.vivaialvianobonelli.it\/fr\/piante\/peche-platicarpa-jaune\/\",\"name\":\"P\u00caCHE PLATICARPA JAUNE - Vivai Alviano Bonelli - Cultivar a Pescia\",\"isPartOf\":{\"@id\":\"https:\/\/www.vivaialvianobonelli.it\/fr\/#website\"},\"datePublished\":\"2023-06-28T07:12:20+00:00\",\"breadcrumb\":{\"@id\":\"https:\/\/www.vivaialvianobonelli.it\/fr\/piante\/peche-platicarpa-jaune\/#breadcrumb\"},\"inLanguage\":\"fr-FR\",\"potentialAction\":[{\"@type\":\"ReadAction\",\"target\":[\"https:\/\/www.vivaialvianobonelli.it\/fr\/piante\/peche-platicarpa-jaune\/\"]}]},{\"@type\":\"BreadcrumbList\",\"@id\":\"https:\/\/www.vivaialvianobonelli.it\/fr\/piante\/peche-platicarpa-jaune\/#breadcrumb\",\"itemListElement\":[{\"@type\":\"ListItem\",\"position\":1,\"name\":\"Home\",\"item\":\"https:\/\/www.vivaialvianobonelli.it\/fr\/\"},{\"@type\":\"ListItem\",\"position\":2,\"name\":\"Prodotti\",\"item\":\"https:\/\/www.vivaialvianobonelli.it\/piante-olivo-da-frutto-ornamentali-pescia\/\"},{\"@type\":\"ListItem\",\"position\":3,\"name\":\"P\u00caCHE PLATICARPA JAUNE\"}]},{\"@type\":\"WebSite\",\"@id\":\"https:\/\/www.vivaialvianobonelli.it\/fr\/#website\",\"url\":\"https:\/\/www.vivaialvianobonelli.it\/fr\/\",\"name\":\"Vivai Alviano Bonelli - Piante di Olivo a Pescia\",\"description\":\"Olivi, alberi da frutto e piante ornamentali\",\"publisher\":{\"@id\":\"https:\/\/www.vivaialvianobonelli.it\/fr\/#organization\"},\"potentialAction\":[{\"@type\":\"SearchAction\",\"target\":{\"@type\":\"EntryPoint\",\"urlTemplate\":\"https:\/\/www.vivaialvianobonelli.it\/fr\/?s={search_term_string}\"},\"query-input\":{\"@type\":\"PropertyValueSpecification\",\"valueRequired\":true,\"valueName\":\"search_term_string\"}}],\"inLanguage\":\"fr-FR\"},{\"@type\":\"Organization\",\"@id\":\"https:\/\/www.vivaialvianobonelli.it\/fr\/#organization\",\"name\":\"Vivai Alviano Bonelli\",\"url\":\"https:\/\/www.vivaialvianobonelli.it\/fr\/\",\"logo\":{\"@type\":\"ImageObject\",\"inLanguage\":\"fr-FR\",\"@id\":\"https:\/\/www.vivaialvianobonelli.it\/fr\/#\/schema\/logo\/image\/\",\"url\":\"http:\/\/www.vivaialvianobonelli.it\/wp-content\/uploads\/2023\/02\/logo_alviano_bonelli_nero.png\",\"contentUrl\":\"http:\/\/www.vivaialvianobonelli.it\/wp-content\/uploads\/2023\/02\/logo_alviano_bonelli_nero.png\",\"width\":1370,\"height\":411,\"caption\":\"Vivai Alviano Bonelli\"},\"image\":{\"@id\":\"https:\/\/www.vivaialvianobonelli.it\/fr\/#\/schema\/logo\/image\/\"},\"sameAs\":[\"https:\/\/www.facebook.com\/VivaiBonelli\/\"]}]}<\/script>\n<!-- \/ Yoast SEO plugin. -->","yoast_head_json":{"title":"P\u00caCHE PLATICARPA JAUNE - Vivai Alviano Bonelli - Cultivar a Pescia","robots":{"index":"index","follow":"follow","max-snippet":"max-snippet:-1","max-image-preview":"max-image-preview:large","max-video-preview":"max-video-preview:-1"},"canonical":"https:\/\/www.vivaialvianobonelli.it\/fr\/piante\/peche-platicarpa-jaune\/","og_locale":"fr_FR","og_type":"article","og_title":"P\u00caCHE PLATICARPA JAUNE - Vivai Alviano Bonelli - Cultivar a Pescia","og_description":"Gros fruit \u00e0 pulpe jaune. La forme est plate, l\u00e9g\u00e8rement asym\u00e9trique, avec un sommet creux et une ligne de suture l\u00e9g\u00e8rement saillante. La pulpe est jaune, tr\u00e8s ferme, tr\u00e8s r\u00e9sistante aux manipulations.","og_url":"https:\/\/www.vivaialvianobonelli.it\/fr\/piante\/peche-platicarpa-jaune\/","og_site_name":"Vivai Alviano Bonelli - Cultivar a Pescia","article_publisher":"https:\/\/www.facebook.com\/VivaiBonelli\/","twitter_card":"summary_large_image","schema":{"@context":"https:\/\/schema.org","@graph":[{"@type":"WebPage","@id":"https:\/\/www.vivaialvianobonelli.it\/fr\/piante\/peche-platicarpa-jaune\/","url":"https:\/\/www.vivaialvianobonelli.it\/fr\/piante\/peche-platicarpa-jaune\/","name":"P\u00caCHE PLATICARPA JAUNE - Vivai Alviano Bonelli - Cultivar a Pescia","isPartOf":{"@id":"https:\/\/www.vivaialvianobonelli.it\/fr\/#website"},"datePublished":"2023-06-28T07:12:20+00:00","breadcrumb":{"@id":"https:\/\/www.vivaialvianobonelli.it\/fr\/piante\/peche-platicarpa-jaune\/#breadcrumb"},"inLanguage":"fr-FR","potentialAction":[{"@type":"ReadAction","target":["https:\/\/www.vivaialvianobonelli.it\/fr\/piante\/peche-platicarpa-jaune\/"]}]},{"@type":"BreadcrumbList","@id":"https:\/\/www.vivaialvianobonelli.it\/fr\/piante\/peche-platicarpa-jaune\/#breadcrumb","itemListElement":[{"@type":"ListItem","position":1,"name":"Home","item":"https:\/\/www.vivaialvianobonelli.it\/fr\/"},{"@type":"ListItem","position":2,"name":"Prodotti","item":"https:\/\/www.vivaialvianobonelli.it\/piante-olivo-da-frutto-ornamentali-pescia\/"},{"@type":"ListItem","position":3,"name":"P\u00caCHE PLATICARPA JAUNE"}]},{"@type":"WebSite","@id":"https:\/\/www.vivaialvianobonelli.it\/fr\/#website","url":"https:\/\/www.vivaialvianobonelli.it\/fr\/","name":"Vivai Alviano Bonelli - Piante di Olivo a Pescia","description":"Olivi, alberi da frutto e piante ornamentali","publisher":{"@id":"https:\/\/www.vivaialvianobonelli.it\/fr\/#organization"},"potentialAction":[{"@type":"SearchAction","target":{"@type":"EntryPoint","urlTemplate":"https:\/\/www.vivaialvianobonelli.it\/fr\/?s={search_term_string}"},"query-input":{"@type":"PropertyValueSpecification","valueRequired":true,"valueName":"search_term_string"}}],"inLanguage":"fr-FR"},{"@type":"Organization","@id":"https:\/\/www.vivaialvianobonelli.it\/fr\/#organization","name":"Vivai Alviano Bonelli","url":"https:\/\/www.vivaialvianobonelli.it\/fr\/","logo":{"@type":"ImageObject","inLanguage":"fr-FR","@id":"https:\/\/www.vivaialvianobonelli.it\/fr\/#\/schema\/logo\/image\/","url":"http:\/\/www.vivaialvianobonelli.it\/wp-content\/uploads\/2023\/02\/logo_alviano_bonelli_nero.png","contentUrl":"http:\/\/www.vivaialvianobonelli.it\/wp-content\/uploads\/2023\/02\/logo_alviano_bonelli_nero.png","width":1370,"height":411,"caption":"Vivai Alviano Bonelli"},"image":{"@id":"https:\/\/www.vivaialvianobonelli.it\/fr\/#\/schema\/logo\/image\/"},"sameAs":["https:\/\/www.facebook.com\/VivaiBonelli\/"]}]}},"_links":{"self":[{"href":"https:\/\/www.vivaialvianobonelli.it\/fr\/wp-json\/wp\/v2\/product\/31436","targetHints":{"allow":["GET"]}}],"collection":[{"href":"https:\/\/www.vivaialvianobonelli.it\/fr\/wp-json\/wp\/v2\/product"}],"about":[{"href":"https:\/\/www.vivaialvianobonelli.it\/fr\/wp-json\/wp\/v2\/types\/product"}],"wp:attachment":[{"href":"https:\/\/www.vivaialvianobonelli.it\/fr\/wp-json\/wp\/v2\/media?parent=31436"}],"wp:term":[{"taxonomy":"product_cat","embeddable":true,"href":"https:\/\/www.vivaialvianobonelli.it\/fr\/wp-json\/wp\/v2\/product_cat?post=31436"},{"taxonomy":"product_tag","embeddable":true,"href":"https:\/\/www.vivaialvianobonelli.it\/fr\/wp-json\/wp\/v2\/product_tag?post=31436"}],"curies":[{"name":"wp","href":"https:\/\/api.w.org\/{rel}","templated":true}]}}