{"id":30782,"date":"2023-02-14T09:35:59","date_gmt":"2023-02-14T09:35:59","guid":{"rendered":"http:\/\/www.vivaialvianobonelli.it\/product\/melo-imperatore\/"},"modified":"2023-02-14T10:01:37","modified_gmt":"2023-02-14T10:01:37","slug":"melo-imperatore","status":"publish","type":"product","link":"https:\/\/www.vivaialvianobonelli.it\/fr\/piante\/melo-imperatore\/","title":{"rendered":"Mel\u00f2 Imperatore"},"content":{"rendered":"<p>Il est tr\u00e8s appr\u00e9ci\u00e9 pour les gros fruits autres que l&#8217;empereur standard et pour la peau plus abondamment color\u00e9e de rouge vif. Dans les zones les plus appropri\u00e9es (montagne et colline), la couleur rouge est encore plus intense et \u00e9tendue et est particuli<\/p>\n","protected":false},"excerpt":{"rendered":"<p>Il est tr\u00e8s appr\u00e9ci\u00e9 pour les gros fruits autres que l&#8217;empereur standard et pour la peau plus abondamment color\u00e9e de rouge vif. Dans les zones les plus appropri\u00e9es (montagne et colline), la couleur rouge est encore plus intense et \u00e9tendue et est particuli<\/p>\n","protected":false},"featured_media":30017,"template":"","meta":[],"product_cat":[213,253],"product_tag":[],"class_list":["post-30782","product","type-product","status-publish","has-post-thumbnail","hentry","product_cat-arbres-fruitiers-biologiques-et-conventionnels","product_cat-varietes-assorties-melo"],"yoast_head":"<!-- This site is optimized with the Yoast SEO plugin v26.1 - https:\/\/yoast.com\/wordpress\/plugins\/seo\/ -->\n<title>Mel\u00f2 Imperatore - Vivai Alviano Bonelli - Cultivar a Pescia<\/title>\n<meta name=\"robots\" content=\"index, follow, max-snippet:-1, max-image-preview:large, max-video-preview:-1\" \/>\n<link rel=\"canonical\" href=\"https:\/\/www.vivaialvianobonelli.it\/fr\/piante\/melo-imperatore\/\" \/>\n<meta property=\"og:locale\" content=\"fr_FR\" \/>\n<meta property=\"og:type\" content=\"article\" \/>\n<meta property=\"og:title\" content=\"Mel\u00f2 Imperatore - Vivai Alviano Bonelli - Cultivar a Pescia\" \/>\n<meta property=\"og:description\" content=\"Il est tr\u00e8s appr\u00e9ci\u00e9 pour les gros fruits autres que l&#8217;empereur standard et pour la peau plus abondamment color\u00e9e de rouge vif. Dans les zones les plus appropri\u00e9es (montagne et colline), la couleur rouge est encore plus intense et \u00e9tendue et est particuli\" \/>\n<meta property=\"og:url\" content=\"https:\/\/www.vivaialvianobonelli.it\/fr\/piante\/melo-imperatore\/\" \/>\n<meta property=\"og:site_name\" content=\"Vivai Alviano Bonelli - Cultivar a Pescia\" \/>\n<meta property=\"article:publisher\" content=\"https:\/\/www.facebook.com\/VivaiBonelli\/\" \/>\n<meta property=\"article:modified_time\" content=\"2023-02-14T10:01:37+00:00\" \/>\n<meta property=\"og:image\" content=\"https:\/\/www.vivaialvianobonelli.it\/wp-content\/uploads\/2023\/02\/mele-rotelle-5-kg_20180719110311.jpg\" \/>\n\t<meta property=\"og:image:width\" content=\"493\" \/>\n\t<meta property=\"og:image:height\" content=\"393\" \/>\n\t<meta property=\"og:image:type\" content=\"image\/jpeg\" \/>\n<meta name=\"twitter:card\" content=\"summary_large_image\" \/>\n<script type=\"application\/ld+json\" class=\"yoast-schema-graph\">{\"@context\":\"https:\/\/schema.org\",\"@graph\":[{\"@type\":\"WebPage\",\"@id\":\"https:\/\/www.vivaialvianobonelli.it\/fr\/piante\/melo-imperatore\/\",\"url\":\"https:\/\/www.vivaialvianobonelli.it\/fr\/piante\/melo-imperatore\/\",\"name\":\"Mel\u00f2 Imperatore - Vivai Alviano Bonelli - Cultivar a Pescia\",\"isPartOf\":{\"@id\":\"https:\/\/www.vivaialvianobonelli.it\/fr\/#website\"},\"primaryImageOfPage\":{\"@id\":\"https:\/\/www.vivaialvianobonelli.it\/fr\/piante\/melo-imperatore\/#primaryimage\"},\"image\":{\"@id\":\"https:\/\/www.vivaialvianobonelli.it\/fr\/piante\/melo-imperatore\/#primaryimage\"},\"thumbnailUrl\":\"https:\/\/www.vivaialvianobonelli.it\/wp-content\/uploads\/2023\/02\/mele-rotelle-5-kg_20180719110311.jpg\",\"datePublished\":\"2023-02-14T09:35:59+00:00\",\"dateModified\":\"2023-02-14T10:01:37+00:00\",\"breadcrumb\":{\"@id\":\"https:\/\/www.vivaialvianobonelli.it\/fr\/piante\/melo-imperatore\/#breadcrumb\"},\"inLanguage\":\"fr-FR\",\"potentialAction\":[{\"@type\":\"ReadAction\",\"target\":[\"https:\/\/www.vivaialvianobonelli.it\/fr\/piante\/melo-imperatore\/\"]}]},{\"@type\":\"ImageObject\",\"inLanguage\":\"fr-FR\",\"@id\":\"https:\/\/www.vivaialvianobonelli.it\/fr\/piante\/melo-imperatore\/#primaryimage\",\"url\":\"https:\/\/www.vivaialvianobonelli.it\/wp-content\/uploads\/2023\/02\/mele-rotelle-5-kg_20180719110311.jpg\",\"contentUrl\":\"https:\/\/www.vivaialvianobonelli.it\/wp-content\/uploads\/2023\/02\/mele-rotelle-5-kg_20180719110311.jpg\",\"width\":493,\"height\":393},{\"@type\":\"BreadcrumbList\",\"@id\":\"https:\/\/www.vivaialvianobonelli.it\/fr\/piante\/melo-imperatore\/#breadcrumb\",\"itemListElement\":[{\"@type\":\"ListItem\",\"position\":1,\"name\":\"Home\",\"item\":\"https:\/\/www.vivaialvianobonelli.it\/fr\/\"},{\"@type\":\"ListItem\",\"position\":2,\"name\":\"Prodotti\",\"item\":\"https:\/\/www.vivaialvianobonelli.it\/piante-olivo-da-frutto-ornamentali-pescia\/\"},{\"@type\":\"ListItem\",\"position\":3,\"name\":\"Mel\u00f2 Imperatore\"}]},{\"@type\":\"WebSite\",\"@id\":\"https:\/\/www.vivaialvianobonelli.it\/fr\/#website\",\"url\":\"https:\/\/www.vivaialvianobonelli.it\/fr\/\",\"name\":\"Vivai Alviano Bonelli - Piante di Olivo a Pescia\",\"description\":\"Olivi, alberi da frutto e piante ornamentali\",\"publisher\":{\"@id\":\"https:\/\/www.vivaialvianobonelli.it\/fr\/#organization\"},\"potentialAction\":[{\"@type\":\"SearchAction\",\"target\":{\"@type\":\"EntryPoint\",\"urlTemplate\":\"https:\/\/www.vivaialvianobonelli.it\/fr\/?s={search_term_string}\"},\"query-input\":{\"@type\":\"PropertyValueSpecification\",\"valueRequired\":true,\"valueName\":\"search_term_string\"}}],\"inLanguage\":\"fr-FR\"},{\"@type\":\"Organization\",\"@id\":\"https:\/\/www.vivaialvianobonelli.it\/fr\/#organization\",\"name\":\"Vivai Alviano Bonelli\",\"url\":\"https:\/\/www.vivaialvianobonelli.it\/fr\/\",\"logo\":{\"@type\":\"ImageObject\",\"inLanguage\":\"fr-FR\",\"@id\":\"https:\/\/www.vivaialvianobonelli.it\/fr\/#\/schema\/logo\/image\/\",\"url\":\"http:\/\/www.vivaialvianobonelli.it\/wp-content\/uploads\/2023\/02\/logo_alviano_bonelli_nero.png\",\"contentUrl\":\"http:\/\/www.vivaialvianobonelli.it\/wp-content\/uploads\/2023\/02\/logo_alviano_bonelli_nero.png\",\"width\":1370,\"height\":411,\"caption\":\"Vivai Alviano Bonelli\"},\"image\":{\"@id\":\"https:\/\/www.vivaialvianobonelli.it\/fr\/#\/schema\/logo\/image\/\"},\"sameAs\":[\"https:\/\/www.facebook.com\/VivaiBonelli\/\"]}]}<\/script>\n<!-- \/ Yoast SEO plugin. -->","yoast_head_json":{"title":"Mel\u00f2 Imperatore - Vivai Alviano Bonelli - Cultivar a Pescia","robots":{"index":"index","follow":"follow","max-snippet":"max-snippet:-1","max-image-preview":"max-image-preview:large","max-video-preview":"max-video-preview:-1"},"canonical":"https:\/\/www.vivaialvianobonelli.it\/fr\/piante\/melo-imperatore\/","og_locale":"fr_FR","og_type":"article","og_title":"Mel\u00f2 Imperatore - Vivai Alviano Bonelli - Cultivar a Pescia","og_description":"Il est tr\u00e8s appr\u00e9ci\u00e9 pour les gros fruits autres que l&#8217;empereur standard et pour la peau plus abondamment color\u00e9e de rouge vif. Dans les zones les plus appropri\u00e9es (montagne et colline), la couleur rouge est encore plus intense et \u00e9tendue et est particuli","og_url":"https:\/\/www.vivaialvianobonelli.it\/fr\/piante\/melo-imperatore\/","og_site_name":"Vivai Alviano Bonelli - Cultivar a Pescia","article_publisher":"https:\/\/www.facebook.com\/VivaiBonelli\/","article_modified_time":"2023-02-14T10:01:37+00:00","og_image":[{"width":493,"height":393,"url":"https:\/\/www.vivaialvianobonelli.it\/wp-content\/uploads\/2023\/02\/mele-rotelle-5-kg_20180719110311.jpg","type":"image\/jpeg"}],"twitter_card":"summary_large_image","schema":{"@context":"https:\/\/schema.org","@graph":[{"@type":"WebPage","@id":"https:\/\/www.vivaialvianobonelli.it\/fr\/piante\/melo-imperatore\/","url":"https:\/\/www.vivaialvianobonelli.it\/fr\/piante\/melo-imperatore\/","name":"Mel\u00f2 Imperatore - Vivai Alviano Bonelli - Cultivar a Pescia","isPartOf":{"@id":"https:\/\/www.vivaialvianobonelli.it\/fr\/#website"},"primaryImageOfPage":{"@id":"https:\/\/www.vivaialvianobonelli.it\/fr\/piante\/melo-imperatore\/#primaryimage"},"image":{"@id":"https:\/\/www.vivaialvianobonelli.it\/fr\/piante\/melo-imperatore\/#primaryimage"},"thumbnailUrl":"https:\/\/www.vivaialvianobonelli.it\/wp-content\/uploads\/2023\/02\/mele-rotelle-5-kg_20180719110311.jpg","datePublished":"2023-02-14T09:35:59+00:00","dateModified":"2023-02-14T10:01:37+00:00","breadcrumb":{"@id":"https:\/\/www.vivaialvianobonelli.it\/fr\/piante\/melo-imperatore\/#breadcrumb"},"inLanguage":"fr-FR","potentialAction":[{"@type":"ReadAction","target":["https:\/\/www.vivaialvianobonelli.it\/fr\/piante\/melo-imperatore\/"]}]},{"@type":"ImageObject","inLanguage":"fr-FR","@id":"https:\/\/www.vivaialvianobonelli.it\/fr\/piante\/melo-imperatore\/#primaryimage","url":"https:\/\/www.vivaialvianobonelli.it\/wp-content\/uploads\/2023\/02\/mele-rotelle-5-kg_20180719110311.jpg","contentUrl":"https:\/\/www.vivaialvianobonelli.it\/wp-content\/uploads\/2023\/02\/mele-rotelle-5-kg_20180719110311.jpg","width":493,"height":393},{"@type":"BreadcrumbList","@id":"https:\/\/www.vivaialvianobonelli.it\/fr\/piante\/melo-imperatore\/#breadcrumb","itemListElement":[{"@type":"ListItem","position":1,"name":"Home","item":"https:\/\/www.vivaialvianobonelli.it\/fr\/"},{"@type":"ListItem","position":2,"name":"Prodotti","item":"https:\/\/www.vivaialvianobonelli.it\/piante-olivo-da-frutto-ornamentali-pescia\/"},{"@type":"ListItem","position":3,"name":"Mel\u00f2 Imperatore"}]},{"@type":"WebSite","@id":"https:\/\/www.vivaialvianobonelli.it\/fr\/#website","url":"https:\/\/www.vivaialvianobonelli.it\/fr\/","name":"Vivai Alviano Bonelli - Piante di Olivo a Pescia","description":"Olivi, alberi da frutto e piante ornamentali","publisher":{"@id":"https:\/\/www.vivaialvianobonelli.it\/fr\/#organization"},"potentialAction":[{"@type":"SearchAction","target":{"@type":"EntryPoint","urlTemplate":"https:\/\/www.vivaialvianobonelli.it\/fr\/?s={search_term_string}"},"query-input":{"@type":"PropertyValueSpecification","valueRequired":true,"valueName":"search_term_string"}}],"inLanguage":"fr-FR"},{"@type":"Organization","@id":"https:\/\/www.vivaialvianobonelli.it\/fr\/#organization","name":"Vivai Alviano Bonelli","url":"https:\/\/www.vivaialvianobonelli.it\/fr\/","logo":{"@type":"ImageObject","inLanguage":"fr-FR","@id":"https:\/\/www.vivaialvianobonelli.it\/fr\/#\/schema\/logo\/image\/","url":"http:\/\/www.vivaialvianobonelli.it\/wp-content\/uploads\/2023\/02\/logo_alviano_bonelli_nero.png","contentUrl":"http:\/\/www.vivaialvianobonelli.it\/wp-content\/uploads\/2023\/02\/logo_alviano_bonelli_nero.png","width":1370,"height":411,"caption":"Vivai Alviano Bonelli"},"image":{"@id":"https:\/\/www.vivaialvianobonelli.it\/fr\/#\/schema\/logo\/image\/"},"sameAs":["https:\/\/www.facebook.com\/VivaiBonelli\/"]}]}},"_links":{"self":[{"href":"https:\/\/www.vivaialvianobonelli.it\/fr\/wp-json\/wp\/v2\/product\/30782","targetHints":{"allow":["GET"]}}],"collection":[{"href":"https:\/\/www.vivaialvianobonelli.it\/fr\/wp-json\/wp\/v2\/product"}],"about":[{"href":"https:\/\/www.vivaialvianobonelli.it\/fr\/wp-json\/wp\/v2\/types\/product"}],"wp:featuredmedia":[{"embeddable":true,"href":"https:\/\/www.vivaialvianobonelli.it\/fr\/wp-json\/wp\/v2\/media\/30017"}],"wp:attachment":[{"href":"https:\/\/www.vivaialvianobonelli.it\/fr\/wp-json\/wp\/v2\/media?parent=30782"}],"wp:term":[{"taxonomy":"product_cat","embeddable":true,"href":"https:\/\/www.vivaialvianobonelli.it\/fr\/wp-json\/wp\/v2\/product_cat?post=30782"},{"taxonomy":"product_tag","embeddable":true,"href":"https:\/\/www.vivaialvianobonelli.it\/fr\/wp-json\/wp\/v2\/product_tag?post=30782"}],"curies":[{"name":"wp","href":"https:\/\/api.w.org\/{rel}","templated":true}]}}