{"id":30774,"date":"2023-02-14T09:35:59","date_gmt":"2023-02-14T09:35:59","guid":{"rendered":"http:\/\/www.vivaialvianobonelli.it\/product\/amandier-tuono\/"},"modified":"2023-02-14T10:01:36","modified_gmt":"2023-02-14T10:01:36","slug":"amandier-tuono","status":"publish","type":"product","link":"https:\/\/www.vivaialvianobonelli.it\/fr\/piante\/amandier-tuono\/","title":{"rendered":"Amandier Tuono"},"content":{"rendered":"<p>Vari\u00e9t\u00e9 d&#8217;amande autofertile, dont les points forts sont la floraison tardive et le go\u00fbt de la graine.<br \/>\nIl pousse aussi bien dans le nord dans des endroits ensoleill\u00e9s.<\/p>\n","protected":false},"excerpt":{"rendered":"<p>Vari\u00e9t\u00e9 d&#8217;amande autofertile, dont les points forts sont la floraison tardive et le go\u00fbt de la graine. Il pousse aussi bien dans le nord dans des endroits ensoleill\u00e9s.<\/p>\n","protected":false},"featured_media":30773,"template":"","meta":[],"product_cat":[251,213],"product_tag":[],"class_list":["post-30774","product","type-product","status-publish","has-post-thumbnail","hentry","product_cat-amandier","product_cat-arbres-fruitiers-biologiques-et-conventionnels"],"yoast_head":"<!-- This site is optimized with the Yoast SEO plugin v26.1 - https:\/\/yoast.com\/wordpress\/plugins\/seo\/ -->\n<title>Amandier Tuono - Vivai Alviano Bonelli - Cultivar a Pescia<\/title>\n<meta name=\"robots\" content=\"index, follow, max-snippet:-1, max-image-preview:large, max-video-preview:-1\" \/>\n<link rel=\"canonical\" href=\"https:\/\/www.vivaialvianobonelli.it\/fr\/piante\/amandier-tuono\/\" \/>\n<meta property=\"og:locale\" content=\"fr_FR\" \/>\n<meta property=\"og:type\" content=\"article\" \/>\n<meta property=\"og:title\" content=\"Amandier Tuono - Vivai Alviano Bonelli - Cultivar a Pescia\" \/>\n<meta property=\"og:description\" content=\"Vari\u00e9t\u00e9 d&#8217;amande autofertile, dont les points forts sont la floraison tardive et le go\u00fbt de la graine. Il pousse aussi bien dans le nord dans des endroits ensoleill\u00e9s.\" \/>\n<meta property=\"og:url\" content=\"https:\/\/www.vivaialvianobonelli.it\/fr\/piante\/amandier-tuono\/\" \/>\n<meta property=\"og:site_name\" content=\"Vivai Alviano Bonelli - Cultivar a Pescia\" \/>\n<meta property=\"article:publisher\" content=\"https:\/\/www.facebook.com\/VivaiBonelli\/\" \/>\n<meta property=\"article:modified_time\" content=\"2023-02-14T10:01:36+00:00\" \/>\n<meta property=\"og:image\" content=\"https:\/\/www.vivaialvianobonelli.it\/wp-content\/uploads\/2023\/02\/Melo-Stark-Delicious-1_20180718161657.jpg\" \/>\n\t<meta property=\"og:image:width\" content=\"640\" \/>\n\t<meta property=\"og:image:height\" content=\"640\" \/>\n\t<meta property=\"og:image:type\" content=\"image\/jpeg\" \/>\n<meta name=\"twitter:card\" content=\"summary_large_image\" \/>\n<script type=\"application\/ld+json\" class=\"yoast-schema-graph\">{\"@context\":\"https:\/\/schema.org\",\"@graph\":[{\"@type\":\"WebPage\",\"@id\":\"https:\/\/www.vivaialvianobonelli.it\/fr\/piante\/amandier-tuono\/\",\"url\":\"https:\/\/www.vivaialvianobonelli.it\/fr\/piante\/amandier-tuono\/\",\"name\":\"Amandier Tuono - Vivai Alviano Bonelli - Cultivar a Pescia\",\"isPartOf\":{\"@id\":\"https:\/\/www.vivaialvianobonelli.it\/fr\/#website\"},\"primaryImageOfPage\":{\"@id\":\"https:\/\/www.vivaialvianobonelli.it\/fr\/piante\/amandier-tuono\/#primaryimage\"},\"image\":{\"@id\":\"https:\/\/www.vivaialvianobonelli.it\/fr\/piante\/amandier-tuono\/#primaryimage\"},\"thumbnailUrl\":\"https:\/\/www.vivaialvianobonelli.it\/wp-content\/uploads\/2023\/02\/mandorli-tuono_20180706152643.jpg\",\"datePublished\":\"2023-02-14T09:35:59+00:00\",\"dateModified\":\"2023-02-14T10:01:36+00:00\",\"breadcrumb\":{\"@id\":\"https:\/\/www.vivaialvianobonelli.it\/fr\/piante\/amandier-tuono\/#breadcrumb\"},\"inLanguage\":\"fr-FR\",\"potentialAction\":[{\"@type\":\"ReadAction\",\"target\":[\"https:\/\/www.vivaialvianobonelli.it\/fr\/piante\/amandier-tuono\/\"]}]},{\"@type\":\"ImageObject\",\"inLanguage\":\"fr-FR\",\"@id\":\"https:\/\/www.vivaialvianobonelli.it\/fr\/piante\/amandier-tuono\/#primaryimage\",\"url\":\"https:\/\/www.vivaialvianobonelli.it\/wp-content\/uploads\/2023\/02\/mandorli-tuono_20180706152643.jpg\",\"contentUrl\":\"https:\/\/www.vivaialvianobonelli.it\/wp-content\/uploads\/2023\/02\/mandorli-tuono_20180706152643.jpg\",\"width\":640,\"height\":360},{\"@type\":\"BreadcrumbList\",\"@id\":\"https:\/\/www.vivaialvianobonelli.it\/fr\/piante\/amandier-tuono\/#breadcrumb\",\"itemListElement\":[{\"@type\":\"ListItem\",\"position\":1,\"name\":\"Home\",\"item\":\"https:\/\/www.vivaialvianobonelli.it\/fr\/\"},{\"@type\":\"ListItem\",\"position\":2,\"name\":\"Prodotti\",\"item\":\"https:\/\/www.vivaialvianobonelli.it\/piante-olivo-da-frutto-ornamentali-pescia\/\"},{\"@type\":\"ListItem\",\"position\":3,\"name\":\"Amandier Tuono\"}]},{\"@type\":\"WebSite\",\"@id\":\"https:\/\/www.vivaialvianobonelli.it\/fr\/#website\",\"url\":\"https:\/\/www.vivaialvianobonelli.it\/fr\/\",\"name\":\"Vivai Alviano Bonelli - Piante di Olivo a Pescia\",\"description\":\"Olivi, alberi da frutto e piante ornamentali\",\"publisher\":{\"@id\":\"https:\/\/www.vivaialvianobonelli.it\/fr\/#organization\"},\"potentialAction\":[{\"@type\":\"SearchAction\",\"target\":{\"@type\":\"EntryPoint\",\"urlTemplate\":\"https:\/\/www.vivaialvianobonelli.it\/fr\/?s={search_term_string}\"},\"query-input\":{\"@type\":\"PropertyValueSpecification\",\"valueRequired\":true,\"valueName\":\"search_term_string\"}}],\"inLanguage\":\"fr-FR\"},{\"@type\":\"Organization\",\"@id\":\"https:\/\/www.vivaialvianobonelli.it\/fr\/#organization\",\"name\":\"Vivai Alviano Bonelli\",\"url\":\"https:\/\/www.vivaialvianobonelli.it\/fr\/\",\"logo\":{\"@type\":\"ImageObject\",\"inLanguage\":\"fr-FR\",\"@id\":\"https:\/\/www.vivaialvianobonelli.it\/fr\/#\/schema\/logo\/image\/\",\"url\":\"http:\/\/www.vivaialvianobonelli.it\/wp-content\/uploads\/2023\/02\/logo_alviano_bonelli_nero.png\",\"contentUrl\":\"http:\/\/www.vivaialvianobonelli.it\/wp-content\/uploads\/2023\/02\/logo_alviano_bonelli_nero.png\",\"width\":1370,\"height\":411,\"caption\":\"Vivai Alviano Bonelli\"},\"image\":{\"@id\":\"https:\/\/www.vivaialvianobonelli.it\/fr\/#\/schema\/logo\/image\/\"},\"sameAs\":[\"https:\/\/www.facebook.com\/VivaiBonelli\/\"]}]}<\/script>\n<!-- \/ Yoast SEO plugin. -->","yoast_head_json":{"title":"Amandier Tuono - Vivai Alviano Bonelli - Cultivar a Pescia","robots":{"index":"index","follow":"follow","max-snippet":"max-snippet:-1","max-image-preview":"max-image-preview:large","max-video-preview":"max-video-preview:-1"},"canonical":"https:\/\/www.vivaialvianobonelli.it\/fr\/piante\/amandier-tuono\/","og_locale":"fr_FR","og_type":"article","og_title":"Amandier Tuono - Vivai Alviano Bonelli - Cultivar a Pescia","og_description":"Vari\u00e9t\u00e9 d&#8217;amande autofertile, dont les points forts sont la floraison tardive et le go\u00fbt de la graine. Il pousse aussi bien dans le nord dans des endroits ensoleill\u00e9s.","og_url":"https:\/\/www.vivaialvianobonelli.it\/fr\/piante\/amandier-tuono\/","og_site_name":"Vivai Alviano Bonelli - Cultivar a Pescia","article_publisher":"https:\/\/www.facebook.com\/VivaiBonelli\/","article_modified_time":"2023-02-14T10:01:36+00:00","og_image":[{"width":640,"height":640,"url":"https:\/\/www.vivaialvianobonelli.it\/wp-content\/uploads\/2023\/02\/Melo-Stark-Delicious-1_20180718161657.jpg","type":"image\/jpeg"}],"twitter_card":"summary_large_image","schema":{"@context":"https:\/\/schema.org","@graph":[{"@type":"WebPage","@id":"https:\/\/www.vivaialvianobonelli.it\/fr\/piante\/amandier-tuono\/","url":"https:\/\/www.vivaialvianobonelli.it\/fr\/piante\/amandier-tuono\/","name":"Amandier Tuono - Vivai Alviano Bonelli - Cultivar a Pescia","isPartOf":{"@id":"https:\/\/www.vivaialvianobonelli.it\/fr\/#website"},"primaryImageOfPage":{"@id":"https:\/\/www.vivaialvianobonelli.it\/fr\/piante\/amandier-tuono\/#primaryimage"},"image":{"@id":"https:\/\/www.vivaialvianobonelli.it\/fr\/piante\/amandier-tuono\/#primaryimage"},"thumbnailUrl":"https:\/\/www.vivaialvianobonelli.it\/wp-content\/uploads\/2023\/02\/mandorli-tuono_20180706152643.jpg","datePublished":"2023-02-14T09:35:59+00:00","dateModified":"2023-02-14T10:01:36+00:00","breadcrumb":{"@id":"https:\/\/www.vivaialvianobonelli.it\/fr\/piante\/amandier-tuono\/#breadcrumb"},"inLanguage":"fr-FR","potentialAction":[{"@type":"ReadAction","target":["https:\/\/www.vivaialvianobonelli.it\/fr\/piante\/amandier-tuono\/"]}]},{"@type":"ImageObject","inLanguage":"fr-FR","@id":"https:\/\/www.vivaialvianobonelli.it\/fr\/piante\/amandier-tuono\/#primaryimage","url":"https:\/\/www.vivaialvianobonelli.it\/wp-content\/uploads\/2023\/02\/mandorli-tuono_20180706152643.jpg","contentUrl":"https:\/\/www.vivaialvianobonelli.it\/wp-content\/uploads\/2023\/02\/mandorli-tuono_20180706152643.jpg","width":640,"height":360},{"@type":"BreadcrumbList","@id":"https:\/\/www.vivaialvianobonelli.it\/fr\/piante\/amandier-tuono\/#breadcrumb","itemListElement":[{"@type":"ListItem","position":1,"name":"Home","item":"https:\/\/www.vivaialvianobonelli.it\/fr\/"},{"@type":"ListItem","position":2,"name":"Prodotti","item":"https:\/\/www.vivaialvianobonelli.it\/piante-olivo-da-frutto-ornamentali-pescia\/"},{"@type":"ListItem","position":3,"name":"Amandier Tuono"}]},{"@type":"WebSite","@id":"https:\/\/www.vivaialvianobonelli.it\/fr\/#website","url":"https:\/\/www.vivaialvianobonelli.it\/fr\/","name":"Vivai Alviano Bonelli - Piante di Olivo a Pescia","description":"Olivi, alberi da frutto e piante ornamentali","publisher":{"@id":"https:\/\/www.vivaialvianobonelli.it\/fr\/#organization"},"potentialAction":[{"@type":"SearchAction","target":{"@type":"EntryPoint","urlTemplate":"https:\/\/www.vivaialvianobonelli.it\/fr\/?s={search_term_string}"},"query-input":{"@type":"PropertyValueSpecification","valueRequired":true,"valueName":"search_term_string"}}],"inLanguage":"fr-FR"},{"@type":"Organization","@id":"https:\/\/www.vivaialvianobonelli.it\/fr\/#organization","name":"Vivai Alviano Bonelli","url":"https:\/\/www.vivaialvianobonelli.it\/fr\/","logo":{"@type":"ImageObject","inLanguage":"fr-FR","@id":"https:\/\/www.vivaialvianobonelli.it\/fr\/#\/schema\/logo\/image\/","url":"http:\/\/www.vivaialvianobonelli.it\/wp-content\/uploads\/2023\/02\/logo_alviano_bonelli_nero.png","contentUrl":"http:\/\/www.vivaialvianobonelli.it\/wp-content\/uploads\/2023\/02\/logo_alviano_bonelli_nero.png","width":1370,"height":411,"caption":"Vivai Alviano Bonelli"},"image":{"@id":"https:\/\/www.vivaialvianobonelli.it\/fr\/#\/schema\/logo\/image\/"},"sameAs":["https:\/\/www.facebook.com\/VivaiBonelli\/"]}]}},"_links":{"self":[{"href":"https:\/\/www.vivaialvianobonelli.it\/fr\/wp-json\/wp\/v2\/product\/30774","targetHints":{"allow":["GET"]}}],"collection":[{"href":"https:\/\/www.vivaialvianobonelli.it\/fr\/wp-json\/wp\/v2\/product"}],"about":[{"href":"https:\/\/www.vivaialvianobonelli.it\/fr\/wp-json\/wp\/v2\/types\/product"}],"wp:featuredmedia":[{"embeddable":true,"href":"https:\/\/www.vivaialvianobonelli.it\/fr\/wp-json\/wp\/v2\/media\/30773"}],"wp:attachment":[{"href":"https:\/\/www.vivaialvianobonelli.it\/fr\/wp-json\/wp\/v2\/media?parent=30774"}],"wp:term":[{"taxonomy":"product_cat","embeddable":true,"href":"https:\/\/www.vivaialvianobonelli.it\/fr\/wp-json\/wp\/v2\/product_cat?post=30774"},{"taxonomy":"product_tag","embeddable":true,"href":"https:\/\/www.vivaialvianobonelli.it\/fr\/wp-json\/wp\/v2\/product_tag?post=30774"}],"curies":[{"name":"wp","href":"https:\/\/api.w.org\/{rel}","templated":true}]}}