{"id":30738,"date":"2023-02-14T09:34:35","date_gmt":"2023-02-14T09:34:35","guid":{"rendered":"http:\/\/www.vivaialvianobonelli.it\/product\/apricot-canino-tardivo\/"},"modified":"2023-02-14T10:01:24","modified_gmt":"2023-02-14T10:01:24","slug":"apricot-canino-tardivo","status":"publish","type":"product","link":"https:\/\/www.vivaialvianobonelli.it\/fr\/piante\/apricot-canino-tardivo\/","title":{"rendered":"Apricot Canino Tardivo"},"content":{"rendered":"<p>Apricot Canino Tardivo matures vers le d\u00e9but de Juillet.<br \/>\nAvec un zeste d&#8217;orange pointill\u00e9 rouge, il poss\u00e8de taille moyenne-grande, avec une orange p\u00e2te et go\u00fbt tr\u00e8s sucr\u00e9.<\/p>\n","protected":false},"excerpt":{"rendered":"<p>Apricot Canino Tardivo matures vers le d\u00e9but de Juillet. Avec un zeste d&#8217;orange pointill\u00e9 rouge, il poss\u00e8de taille moyenne-grande, avec une orange p\u00e2te et go\u00fbt tr\u00e8s sucr\u00e9.<\/p>\n","protected":false},"featured_media":30737,"template":"","meta":[],"product_cat":[213,233],"product_tag":[],"class_list":["post-30738","product","type-product","status-publish","has-post-thumbnail","hentry","product_cat-arbres-fruitiers-biologiques-et-conventionnels","product_cat-variete-dabricot-assorti"],"yoast_head":"<!-- This site is optimized with the Yoast SEO plugin v26.1 - https:\/\/yoast.com\/wordpress\/plugins\/seo\/ -->\n<title>Apricot Canino Tardivo - Vivai Alviano Bonelli - Cultivar a Pescia<\/title>\n<meta name=\"robots\" content=\"index, follow, max-snippet:-1, max-image-preview:large, max-video-preview:-1\" \/>\n<link rel=\"canonical\" href=\"https:\/\/www.vivaialvianobonelli.it\/fr\/piante\/apricot-canino-tardivo\/\" \/>\n<meta property=\"og:locale\" content=\"fr_FR\" \/>\n<meta property=\"og:type\" content=\"article\" \/>\n<meta property=\"og:title\" content=\"Apricot Canino Tardivo - Vivai Alviano Bonelli - Cultivar a Pescia\" \/>\n<meta property=\"og:description\" content=\"Apricot Canino Tardivo matures vers le d\u00e9but de Juillet. Avec un zeste d&#8217;orange pointill\u00e9 rouge, il poss\u00e8de taille moyenne-grande, avec une orange p\u00e2te et go\u00fbt tr\u00e8s sucr\u00e9.\" \/>\n<meta property=\"og:url\" content=\"https:\/\/www.vivaialvianobonelli.it\/fr\/piante\/apricot-canino-tardivo\/\" \/>\n<meta property=\"og:site_name\" content=\"Vivai Alviano Bonelli - Cultivar a Pescia\" \/>\n<meta property=\"article:publisher\" content=\"https:\/\/www.facebook.com\/VivaiBonelli\/\" \/>\n<meta property=\"article:modified_time\" content=\"2023-02-14T10:01:24+00:00\" \/>\n<meta property=\"og:image\" content=\"https:\/\/www.vivaialvianobonelli.it\/wp-content\/uploads\/2023\/02\/9fc18-ciliegio-durone-kordi_20160711172929.jpg\" \/>\n\t<meta property=\"og:image:width\" content=\"500\" \/>\n\t<meta property=\"og:image:height\" content=\"500\" \/>\n\t<meta property=\"og:image:type\" content=\"image\/jpeg\" \/>\n<meta name=\"twitter:card\" content=\"summary_large_image\" \/>\n<script type=\"application\/ld+json\" class=\"yoast-schema-graph\">{\"@context\":\"https:\/\/schema.org\",\"@graph\":[{\"@type\":\"WebPage\",\"@id\":\"https:\/\/www.vivaialvianobonelli.it\/fr\/piante\/apricot-canino-tardivo\/\",\"url\":\"https:\/\/www.vivaialvianobonelli.it\/fr\/piante\/apricot-canino-tardivo\/\",\"name\":\"Apricot Canino Tardivo - Vivai Alviano Bonelli - Cultivar a Pescia\",\"isPartOf\":{\"@id\":\"https:\/\/www.vivaialvianobonelli.it\/fr\/#website\"},\"primaryImageOfPage\":{\"@id\":\"https:\/\/www.vivaialvianobonelli.it\/fr\/piante\/apricot-canino-tardivo\/#primaryimage\"},\"image\":{\"@id\":\"https:\/\/www.vivaialvianobonelli.it\/fr\/piante\/apricot-canino-tardivo\/#primaryimage\"},\"thumbnailUrl\":\"https:\/\/www.vivaialvianobonelli.it\/wp-content\/uploads\/2023\/02\/107576-600x384_20160708120406.jpg\",\"datePublished\":\"2023-02-14T09:34:35+00:00\",\"dateModified\":\"2023-02-14T10:01:24+00:00\",\"breadcrumb\":{\"@id\":\"https:\/\/www.vivaialvianobonelli.it\/fr\/piante\/apricot-canino-tardivo\/#breadcrumb\"},\"inLanguage\":\"fr-FR\",\"potentialAction\":[{\"@type\":\"ReadAction\",\"target\":[\"https:\/\/www.vivaialvianobonelli.it\/fr\/piante\/apricot-canino-tardivo\/\"]}]},{\"@type\":\"ImageObject\",\"inLanguage\":\"fr-FR\",\"@id\":\"https:\/\/www.vivaialvianobonelli.it\/fr\/piante\/apricot-canino-tardivo\/#primaryimage\",\"url\":\"https:\/\/www.vivaialvianobonelli.it\/wp-content\/uploads\/2023\/02\/107576-600x384_20160708120406.jpg\",\"contentUrl\":\"https:\/\/www.vivaialvianobonelli.it\/wp-content\/uploads\/2023\/02\/107576-600x384_20160708120406.jpg\",\"width\":500,\"height\":320},{\"@type\":\"BreadcrumbList\",\"@id\":\"https:\/\/www.vivaialvianobonelli.it\/fr\/piante\/apricot-canino-tardivo\/#breadcrumb\",\"itemListElement\":[{\"@type\":\"ListItem\",\"position\":1,\"name\":\"Home\",\"item\":\"https:\/\/www.vivaialvianobonelli.it\/fr\/\"},{\"@type\":\"ListItem\",\"position\":2,\"name\":\"Prodotti\",\"item\":\"https:\/\/www.vivaialvianobonelli.it\/piante-olivo-da-frutto-ornamentali-pescia\/\"},{\"@type\":\"ListItem\",\"position\":3,\"name\":\"Apricot Canino Tardivo\"}]},{\"@type\":\"WebSite\",\"@id\":\"https:\/\/www.vivaialvianobonelli.it\/fr\/#website\",\"url\":\"https:\/\/www.vivaialvianobonelli.it\/fr\/\",\"name\":\"Vivai Alviano Bonelli - Piante di Olivo a Pescia\",\"description\":\"Olivi, alberi da frutto e piante ornamentali\",\"publisher\":{\"@id\":\"https:\/\/www.vivaialvianobonelli.it\/fr\/#organization\"},\"potentialAction\":[{\"@type\":\"SearchAction\",\"target\":{\"@type\":\"EntryPoint\",\"urlTemplate\":\"https:\/\/www.vivaialvianobonelli.it\/fr\/?s={search_term_string}\"},\"query-input\":{\"@type\":\"PropertyValueSpecification\",\"valueRequired\":true,\"valueName\":\"search_term_string\"}}],\"inLanguage\":\"fr-FR\"},{\"@type\":\"Organization\",\"@id\":\"https:\/\/www.vivaialvianobonelli.it\/fr\/#organization\",\"name\":\"Vivai Alviano Bonelli\",\"url\":\"https:\/\/www.vivaialvianobonelli.it\/fr\/\",\"logo\":{\"@type\":\"ImageObject\",\"inLanguage\":\"fr-FR\",\"@id\":\"https:\/\/www.vivaialvianobonelli.it\/fr\/#\/schema\/logo\/image\/\",\"url\":\"http:\/\/www.vivaialvianobonelli.it\/wp-content\/uploads\/2023\/02\/logo_alviano_bonelli_nero.png\",\"contentUrl\":\"http:\/\/www.vivaialvianobonelli.it\/wp-content\/uploads\/2023\/02\/logo_alviano_bonelli_nero.png\",\"width\":1370,\"height\":411,\"caption\":\"Vivai Alviano Bonelli\"},\"image\":{\"@id\":\"https:\/\/www.vivaialvianobonelli.it\/fr\/#\/schema\/logo\/image\/\"},\"sameAs\":[\"https:\/\/www.facebook.com\/VivaiBonelli\/\"]}]}<\/script>\n<!-- \/ Yoast SEO plugin. -->","yoast_head_json":{"title":"Apricot Canino Tardivo - Vivai Alviano Bonelli - Cultivar a Pescia","robots":{"index":"index","follow":"follow","max-snippet":"max-snippet:-1","max-image-preview":"max-image-preview:large","max-video-preview":"max-video-preview:-1"},"canonical":"https:\/\/www.vivaialvianobonelli.it\/fr\/piante\/apricot-canino-tardivo\/","og_locale":"fr_FR","og_type":"article","og_title":"Apricot Canino Tardivo - Vivai Alviano Bonelli - Cultivar a Pescia","og_description":"Apricot Canino Tardivo matures vers le d\u00e9but de Juillet. Avec un zeste d&#8217;orange pointill\u00e9 rouge, il poss\u00e8de taille moyenne-grande, avec une orange p\u00e2te et go\u00fbt tr\u00e8s sucr\u00e9.","og_url":"https:\/\/www.vivaialvianobonelli.it\/fr\/piante\/apricot-canino-tardivo\/","og_site_name":"Vivai Alviano Bonelli - Cultivar a Pescia","article_publisher":"https:\/\/www.facebook.com\/VivaiBonelli\/","article_modified_time":"2023-02-14T10:01:24+00:00","og_image":[{"width":500,"height":500,"url":"https:\/\/www.vivaialvianobonelli.it\/wp-content\/uploads\/2023\/02\/9fc18-ciliegio-durone-kordi_20160711172929.jpg","type":"image\/jpeg"}],"twitter_card":"summary_large_image","schema":{"@context":"https:\/\/schema.org","@graph":[{"@type":"WebPage","@id":"https:\/\/www.vivaialvianobonelli.it\/fr\/piante\/apricot-canino-tardivo\/","url":"https:\/\/www.vivaialvianobonelli.it\/fr\/piante\/apricot-canino-tardivo\/","name":"Apricot Canino Tardivo - Vivai Alviano Bonelli - Cultivar a Pescia","isPartOf":{"@id":"https:\/\/www.vivaialvianobonelli.it\/fr\/#website"},"primaryImageOfPage":{"@id":"https:\/\/www.vivaialvianobonelli.it\/fr\/piante\/apricot-canino-tardivo\/#primaryimage"},"image":{"@id":"https:\/\/www.vivaialvianobonelli.it\/fr\/piante\/apricot-canino-tardivo\/#primaryimage"},"thumbnailUrl":"https:\/\/www.vivaialvianobonelli.it\/wp-content\/uploads\/2023\/02\/107576-600x384_20160708120406.jpg","datePublished":"2023-02-14T09:34:35+00:00","dateModified":"2023-02-14T10:01:24+00:00","breadcrumb":{"@id":"https:\/\/www.vivaialvianobonelli.it\/fr\/piante\/apricot-canino-tardivo\/#breadcrumb"},"inLanguage":"fr-FR","potentialAction":[{"@type":"ReadAction","target":["https:\/\/www.vivaialvianobonelli.it\/fr\/piante\/apricot-canino-tardivo\/"]}]},{"@type":"ImageObject","inLanguage":"fr-FR","@id":"https:\/\/www.vivaialvianobonelli.it\/fr\/piante\/apricot-canino-tardivo\/#primaryimage","url":"https:\/\/www.vivaialvianobonelli.it\/wp-content\/uploads\/2023\/02\/107576-600x384_20160708120406.jpg","contentUrl":"https:\/\/www.vivaialvianobonelli.it\/wp-content\/uploads\/2023\/02\/107576-600x384_20160708120406.jpg","width":500,"height":320},{"@type":"BreadcrumbList","@id":"https:\/\/www.vivaialvianobonelli.it\/fr\/piante\/apricot-canino-tardivo\/#breadcrumb","itemListElement":[{"@type":"ListItem","position":1,"name":"Home","item":"https:\/\/www.vivaialvianobonelli.it\/fr\/"},{"@type":"ListItem","position":2,"name":"Prodotti","item":"https:\/\/www.vivaialvianobonelli.it\/piante-olivo-da-frutto-ornamentali-pescia\/"},{"@type":"ListItem","position":3,"name":"Apricot Canino Tardivo"}]},{"@type":"WebSite","@id":"https:\/\/www.vivaialvianobonelli.it\/fr\/#website","url":"https:\/\/www.vivaialvianobonelli.it\/fr\/","name":"Vivai Alviano Bonelli - Piante di Olivo a Pescia","description":"Olivi, alberi da frutto e piante ornamentali","publisher":{"@id":"https:\/\/www.vivaialvianobonelli.it\/fr\/#organization"},"potentialAction":[{"@type":"SearchAction","target":{"@type":"EntryPoint","urlTemplate":"https:\/\/www.vivaialvianobonelli.it\/fr\/?s={search_term_string}"},"query-input":{"@type":"PropertyValueSpecification","valueRequired":true,"valueName":"search_term_string"}}],"inLanguage":"fr-FR"},{"@type":"Organization","@id":"https:\/\/www.vivaialvianobonelli.it\/fr\/#organization","name":"Vivai Alviano Bonelli","url":"https:\/\/www.vivaialvianobonelli.it\/fr\/","logo":{"@type":"ImageObject","inLanguage":"fr-FR","@id":"https:\/\/www.vivaialvianobonelli.it\/fr\/#\/schema\/logo\/image\/","url":"http:\/\/www.vivaialvianobonelli.it\/wp-content\/uploads\/2023\/02\/logo_alviano_bonelli_nero.png","contentUrl":"http:\/\/www.vivaialvianobonelli.it\/wp-content\/uploads\/2023\/02\/logo_alviano_bonelli_nero.png","width":1370,"height":411,"caption":"Vivai Alviano Bonelli"},"image":{"@id":"https:\/\/www.vivaialvianobonelli.it\/fr\/#\/schema\/logo\/image\/"},"sameAs":["https:\/\/www.facebook.com\/VivaiBonelli\/"]}]}},"_links":{"self":[{"href":"https:\/\/www.vivaialvianobonelli.it\/fr\/wp-json\/wp\/v2\/product\/30738","targetHints":{"allow":["GET"]}}],"collection":[{"href":"https:\/\/www.vivaialvianobonelli.it\/fr\/wp-json\/wp\/v2\/product"}],"about":[{"href":"https:\/\/www.vivaialvianobonelli.it\/fr\/wp-json\/wp\/v2\/types\/product"}],"wp:featuredmedia":[{"embeddable":true,"href":"https:\/\/www.vivaialvianobonelli.it\/fr\/wp-json\/wp\/v2\/media\/30737"}],"wp:attachment":[{"href":"https:\/\/www.vivaialvianobonelli.it\/fr\/wp-json\/wp\/v2\/media?parent=30738"}],"wp:term":[{"taxonomy":"product_cat","embeddable":true,"href":"https:\/\/www.vivaialvianobonelli.it\/fr\/wp-json\/wp\/v2\/product_cat?post=30738"},{"taxonomy":"product_tag","embeddable":true,"href":"https:\/\/www.vivaialvianobonelli.it\/fr\/wp-json\/wp\/v2\/product_tag?post=30738"}],"curies":[{"name":"wp","href":"https:\/\/api.w.org\/{rel}","templated":true}]}}