{"id":30704,"date":"2023-02-14T09:33:35","date_gmt":"2023-02-14T09:33:35","guid":{"rendered":"http:\/\/www.vivaialvianobonelli.it\/product\/uva-fragola-nera\/"},"modified":"2023-02-14T10:01:12","modified_gmt":"2023-02-14T10:01:12","slug":"uva-fragola-nera","status":"publish","type":"product","link":"https:\/\/www.vivaialvianobonelli.it\/fr\/piante\/uva-fragola-nera\/","title":{"rendered":"Uva fragola nera"},"content":{"rendered":"<p>Maturation: en retard, \u00e0 partir de mi \u00e0 fin Septembre.<br \/>\npetite grappe moyenne, cylindrique, ferme et juteuse, rouge fonc\u00e9.<\/p>\n","protected":false},"excerpt":{"rendered":"<p>Maturation: en retard, \u00e0 partir de mi \u00e0 fin Septembre. petite grappe moyenne, cylindrique, ferme et juteuse, rouge fonc\u00e9.<\/p>\n","protected":false},"featured_media":29861,"template":"","meta":[],"product_cat":[213,235],"product_tag":[],"class_list":["post-30704","product","type-product","status-publish","has-post-thumbnail","hentry","product_cat-arbres-fruitiers-biologiques-et-conventionnels","product_cat-raisin-de-table-vitis-vinifera"],"yoast_head":"<!-- This site is optimized with the Yoast SEO plugin v26.1 - https:\/\/yoast.com\/wordpress\/plugins\/seo\/ -->\n<title>Uva fragola nera - Vivai Alviano Bonelli - Cultivar a Pescia<\/title>\n<meta name=\"robots\" content=\"index, follow, max-snippet:-1, max-image-preview:large, max-video-preview:-1\" \/>\n<link rel=\"canonical\" href=\"https:\/\/www.vivaialvianobonelli.it\/fr\/piante\/uva-fragola-nera\/\" \/>\n<meta property=\"og:locale\" content=\"fr_FR\" \/>\n<meta property=\"og:type\" content=\"article\" \/>\n<meta property=\"og:title\" content=\"Uva fragola nera - Vivai Alviano Bonelli - Cultivar a Pescia\" \/>\n<meta property=\"og:description\" content=\"Maturation: en retard, \u00e0 partir de mi \u00e0 fin Septembre. petite grappe moyenne, cylindrique, ferme et juteuse, rouge fonc\u00e9.\" \/>\n<meta property=\"og:url\" content=\"https:\/\/www.vivaialvianobonelli.it\/fr\/piante\/uva-fragola-nera\/\" \/>\n<meta property=\"og:site_name\" content=\"Vivai Alviano Bonelli - Cultivar a Pescia\" \/>\n<meta property=\"article:publisher\" content=\"https:\/\/www.facebook.com\/VivaiBonelli\/\" \/>\n<meta property=\"article:modified_time\" content=\"2023-02-14T10:01:12+00:00\" \/>\n<meta property=\"og:image\" content=\"https:\/\/www.vivaialvianobonelli.it\/wp-content\/uploads\/2023\/02\/11_20160704164014.jpg\" \/>\n\t<meta property=\"og:image:width\" content=\"500\" \/>\n\t<meta property=\"og:image:height\" content=\"334\" \/>\n\t<meta property=\"og:image:type\" content=\"image\/jpeg\" \/>\n<meta name=\"twitter:card\" content=\"summary_large_image\" \/>\n<script type=\"application\/ld+json\" class=\"yoast-schema-graph\">{\"@context\":\"https:\/\/schema.org\",\"@graph\":[{\"@type\":\"WebPage\",\"@id\":\"https:\/\/www.vivaialvianobonelli.it\/fr\/piante\/uva-fragola-nera\/\",\"url\":\"https:\/\/www.vivaialvianobonelli.it\/fr\/piante\/uva-fragola-nera\/\",\"name\":\"Uva fragola nera - Vivai Alviano Bonelli - Cultivar a Pescia\",\"isPartOf\":{\"@id\":\"https:\/\/www.vivaialvianobonelli.it\/fr\/#website\"},\"primaryImageOfPage\":{\"@id\":\"https:\/\/www.vivaialvianobonelli.it\/fr\/piante\/uva-fragola-nera\/#primaryimage\"},\"image\":{\"@id\":\"https:\/\/www.vivaialvianobonelli.it\/fr\/piante\/uva-fragola-nera\/#primaryimage\"},\"thumbnailUrl\":\"https:\/\/www.vivaialvianobonelli.it\/wp-content\/uploads\/2023\/02\/11_20160704164014.jpg\",\"datePublished\":\"2023-02-14T09:33:35+00:00\",\"dateModified\":\"2023-02-14T10:01:12+00:00\",\"breadcrumb\":{\"@id\":\"https:\/\/www.vivaialvianobonelli.it\/fr\/piante\/uva-fragola-nera\/#breadcrumb\"},\"inLanguage\":\"fr-FR\",\"potentialAction\":[{\"@type\":\"ReadAction\",\"target\":[\"https:\/\/www.vivaialvianobonelli.it\/fr\/piante\/uva-fragola-nera\/\"]}]},{\"@type\":\"ImageObject\",\"inLanguage\":\"fr-FR\",\"@id\":\"https:\/\/www.vivaialvianobonelli.it\/fr\/piante\/uva-fragola-nera\/#primaryimage\",\"url\":\"https:\/\/www.vivaialvianobonelli.it\/wp-content\/uploads\/2023\/02\/11_20160704164014.jpg\",\"contentUrl\":\"https:\/\/www.vivaialvianobonelli.it\/wp-content\/uploads\/2023\/02\/11_20160704164014.jpg\",\"width\":500,\"height\":334},{\"@type\":\"BreadcrumbList\",\"@id\":\"https:\/\/www.vivaialvianobonelli.it\/fr\/piante\/uva-fragola-nera\/#breadcrumb\",\"itemListElement\":[{\"@type\":\"ListItem\",\"position\":1,\"name\":\"Home\",\"item\":\"https:\/\/www.vivaialvianobonelli.it\/fr\/\"},{\"@type\":\"ListItem\",\"position\":2,\"name\":\"Prodotti\",\"item\":\"https:\/\/www.vivaialvianobonelli.it\/piante-olivo-da-frutto-ornamentali-pescia\/\"},{\"@type\":\"ListItem\",\"position\":3,\"name\":\"Uva fragola nera\"}]},{\"@type\":\"WebSite\",\"@id\":\"https:\/\/www.vivaialvianobonelli.it\/fr\/#website\",\"url\":\"https:\/\/www.vivaialvianobonelli.it\/fr\/\",\"name\":\"Vivai Alviano Bonelli - Piante di Olivo a Pescia\",\"description\":\"Olivi, alberi da frutto e piante ornamentali\",\"publisher\":{\"@id\":\"https:\/\/www.vivaialvianobonelli.it\/fr\/#organization\"},\"potentialAction\":[{\"@type\":\"SearchAction\",\"target\":{\"@type\":\"EntryPoint\",\"urlTemplate\":\"https:\/\/www.vivaialvianobonelli.it\/fr\/?s={search_term_string}\"},\"query-input\":{\"@type\":\"PropertyValueSpecification\",\"valueRequired\":true,\"valueName\":\"search_term_string\"}}],\"inLanguage\":\"fr-FR\"},{\"@type\":\"Organization\",\"@id\":\"https:\/\/www.vivaialvianobonelli.it\/fr\/#organization\",\"name\":\"Vivai Alviano Bonelli\",\"url\":\"https:\/\/www.vivaialvianobonelli.it\/fr\/\",\"logo\":{\"@type\":\"ImageObject\",\"inLanguage\":\"fr-FR\",\"@id\":\"https:\/\/www.vivaialvianobonelli.it\/fr\/#\/schema\/logo\/image\/\",\"url\":\"http:\/\/www.vivaialvianobonelli.it\/wp-content\/uploads\/2023\/02\/logo_alviano_bonelli_nero.png\",\"contentUrl\":\"http:\/\/www.vivaialvianobonelli.it\/wp-content\/uploads\/2023\/02\/logo_alviano_bonelli_nero.png\",\"width\":1370,\"height\":411,\"caption\":\"Vivai Alviano Bonelli\"},\"image\":{\"@id\":\"https:\/\/www.vivaialvianobonelli.it\/fr\/#\/schema\/logo\/image\/\"},\"sameAs\":[\"https:\/\/www.facebook.com\/VivaiBonelli\/\"]}]}<\/script>\n<!-- \/ Yoast SEO plugin. -->","yoast_head_json":{"title":"Uva fragola nera - Vivai Alviano Bonelli - Cultivar a Pescia","robots":{"index":"index","follow":"follow","max-snippet":"max-snippet:-1","max-image-preview":"max-image-preview:large","max-video-preview":"max-video-preview:-1"},"canonical":"https:\/\/www.vivaialvianobonelli.it\/fr\/piante\/uva-fragola-nera\/","og_locale":"fr_FR","og_type":"article","og_title":"Uva fragola nera - Vivai Alviano Bonelli - Cultivar a Pescia","og_description":"Maturation: en retard, \u00e0 partir de mi \u00e0 fin Septembre. petite grappe moyenne, cylindrique, ferme et juteuse, rouge fonc\u00e9.","og_url":"https:\/\/www.vivaialvianobonelli.it\/fr\/piante\/uva-fragola-nera\/","og_site_name":"Vivai Alviano Bonelli - Cultivar a Pescia","article_publisher":"https:\/\/www.facebook.com\/VivaiBonelli\/","article_modified_time":"2023-02-14T10:01:12+00:00","og_image":[{"width":500,"height":334,"url":"https:\/\/www.vivaialvianobonelli.it\/wp-content\/uploads\/2023\/02\/11_20160704164014.jpg","type":"image\/jpeg"}],"twitter_card":"summary_large_image","schema":{"@context":"https:\/\/schema.org","@graph":[{"@type":"WebPage","@id":"https:\/\/www.vivaialvianobonelli.it\/fr\/piante\/uva-fragola-nera\/","url":"https:\/\/www.vivaialvianobonelli.it\/fr\/piante\/uva-fragola-nera\/","name":"Uva fragola nera - Vivai Alviano Bonelli - Cultivar a Pescia","isPartOf":{"@id":"https:\/\/www.vivaialvianobonelli.it\/fr\/#website"},"primaryImageOfPage":{"@id":"https:\/\/www.vivaialvianobonelli.it\/fr\/piante\/uva-fragola-nera\/#primaryimage"},"image":{"@id":"https:\/\/www.vivaialvianobonelli.it\/fr\/piante\/uva-fragola-nera\/#primaryimage"},"thumbnailUrl":"https:\/\/www.vivaialvianobonelli.it\/wp-content\/uploads\/2023\/02\/11_20160704164014.jpg","datePublished":"2023-02-14T09:33:35+00:00","dateModified":"2023-02-14T10:01:12+00:00","breadcrumb":{"@id":"https:\/\/www.vivaialvianobonelli.it\/fr\/piante\/uva-fragola-nera\/#breadcrumb"},"inLanguage":"fr-FR","potentialAction":[{"@type":"ReadAction","target":["https:\/\/www.vivaialvianobonelli.it\/fr\/piante\/uva-fragola-nera\/"]}]},{"@type":"ImageObject","inLanguage":"fr-FR","@id":"https:\/\/www.vivaialvianobonelli.it\/fr\/piante\/uva-fragola-nera\/#primaryimage","url":"https:\/\/www.vivaialvianobonelli.it\/wp-content\/uploads\/2023\/02\/11_20160704164014.jpg","contentUrl":"https:\/\/www.vivaialvianobonelli.it\/wp-content\/uploads\/2023\/02\/11_20160704164014.jpg","width":500,"height":334},{"@type":"BreadcrumbList","@id":"https:\/\/www.vivaialvianobonelli.it\/fr\/piante\/uva-fragola-nera\/#breadcrumb","itemListElement":[{"@type":"ListItem","position":1,"name":"Home","item":"https:\/\/www.vivaialvianobonelli.it\/fr\/"},{"@type":"ListItem","position":2,"name":"Prodotti","item":"https:\/\/www.vivaialvianobonelli.it\/piante-olivo-da-frutto-ornamentali-pescia\/"},{"@type":"ListItem","position":3,"name":"Uva fragola nera"}]},{"@type":"WebSite","@id":"https:\/\/www.vivaialvianobonelli.it\/fr\/#website","url":"https:\/\/www.vivaialvianobonelli.it\/fr\/","name":"Vivai Alviano Bonelli - Piante di Olivo a Pescia","description":"Olivi, alberi da frutto e piante ornamentali","publisher":{"@id":"https:\/\/www.vivaialvianobonelli.it\/fr\/#organization"},"potentialAction":[{"@type":"SearchAction","target":{"@type":"EntryPoint","urlTemplate":"https:\/\/www.vivaialvianobonelli.it\/fr\/?s={search_term_string}"},"query-input":{"@type":"PropertyValueSpecification","valueRequired":true,"valueName":"search_term_string"}}],"inLanguage":"fr-FR"},{"@type":"Organization","@id":"https:\/\/www.vivaialvianobonelli.it\/fr\/#organization","name":"Vivai Alviano Bonelli","url":"https:\/\/www.vivaialvianobonelli.it\/fr\/","logo":{"@type":"ImageObject","inLanguage":"fr-FR","@id":"https:\/\/www.vivaialvianobonelli.it\/fr\/#\/schema\/logo\/image\/","url":"http:\/\/www.vivaialvianobonelli.it\/wp-content\/uploads\/2023\/02\/logo_alviano_bonelli_nero.png","contentUrl":"http:\/\/www.vivaialvianobonelli.it\/wp-content\/uploads\/2023\/02\/logo_alviano_bonelli_nero.png","width":1370,"height":411,"caption":"Vivai Alviano Bonelli"},"image":{"@id":"https:\/\/www.vivaialvianobonelli.it\/fr\/#\/schema\/logo\/image\/"},"sameAs":["https:\/\/www.facebook.com\/VivaiBonelli\/"]}]}},"_links":{"self":[{"href":"https:\/\/www.vivaialvianobonelli.it\/fr\/wp-json\/wp\/v2\/product\/30704","targetHints":{"allow":["GET"]}}],"collection":[{"href":"https:\/\/www.vivaialvianobonelli.it\/fr\/wp-json\/wp\/v2\/product"}],"about":[{"href":"https:\/\/www.vivaialvianobonelli.it\/fr\/wp-json\/wp\/v2\/types\/product"}],"wp:featuredmedia":[{"embeddable":true,"href":"https:\/\/www.vivaialvianobonelli.it\/fr\/wp-json\/wp\/v2\/media\/29861"}],"wp:attachment":[{"href":"https:\/\/www.vivaialvianobonelli.it\/fr\/wp-json\/wp\/v2\/media?parent=30704"}],"wp:term":[{"taxonomy":"product_cat","embeddable":true,"href":"https:\/\/www.vivaialvianobonelli.it\/fr\/wp-json\/wp\/v2\/product_cat?post=30704"},{"taxonomy":"product_tag","embeddable":true,"href":"https:\/\/www.vivaialvianobonelli.it\/fr\/wp-json\/wp\/v2\/product_tag?post=30704"}],"curies":[{"name":"wp","href":"https:\/\/api.w.org\/{rel}","templated":true}]}}