{"id":30480,"date":"2023-02-14T09:27:32","date_gmt":"2023-02-14T09:27:32","guid":{"rendered":"http:\/\/www.vivaialvianobonelli.it\/product\/coratina\/"},"modified":"2023-06-14T13:20:47","modified_gmt":"2023-06-14T13:20:47","slug":"coratina","status":"publish","type":"product","link":"https:\/\/www.vivaialvianobonelli.it\/fr\/piante\/coratina\/","title":{"rendered":"Coratina"},"content":{"rendered":"<p>Racioppa di Corato, Racema.<\/p>\n<p>(zones d\u2019origine: APULIA)<\/p>\n<p><strong>Arbre:<\/strong> Plante de taille moyenne et de port moyennement pendant. Le feuillage \u00e9largi, tendant \u00e0 la forme globulaire, porte des branches longues et flexibles. La feuille, vert fonc\u00e9, est elliptique et se termine par un l\u00e9ger mucron.<\/p>\n<p><strong>Fruit:<\/strong> Plante typique des Pouilles avec de grandes drupes (4-5g), ovo\u00efde allong\u00e9e et l\u00e9g\u00e8rement asym\u00e9trique. La maturation est moyennement tardive; Les fruits, r\u00e9colt\u00e9s lorsqu\u2019ils sont noirs \u00e0 l\u2019apex, donnent un rendement \u00e9lev\u00e9 au moulin (21-26%) et une huile tr\u00e8s fruit\u00e9e.<\/p>\n<p><strong>Caract\u00e9ristiques agronomiques:<\/strong> Cultivar autost\u00e9rile, de productivit\u00e9 \u00e9lev\u00e9e et constante, il est peu affect\u00e9 par l\u2019avortement ovarien (environ 15%). Pollinisateurs: Frantoio, Moraiolo, Leccino. Il r\u00e9siste bien \u00e0 la s\u00e9cheresse, au froid, \u00e0 l\u2019\u0153il de paon et g\u00e9n\u00e9ralement aussi \u00e0 d\u2019autres parasites.<\/p>\n<p><strong>Consid\u00e9rations:<\/strong> Caract\u00e9ris\u00e9 par une entr\u00e9e en production pr\u00e9coce, Coratina est un cultivar d\u2019une grande adaptabilit\u00e9 aux sols et aux environnements ol\u00e9icoles italiens les plus divers.<\/p>\n","protected":false},"excerpt":{"rendered":"<p>Racioppa di Corato, Racema. (zones d\u2019origine: APULIA) Arbre: Plante de taille moyenne et de port moyennement pendant. Le feuillage \u00e9largi, tendant \u00e0 la forme globulaire, porte des branches longues et flexibles. La feuille, vert fonc\u00e9, est elliptique et se termine par un l\u00e9ger mucron. Fruit: Plante typique des Pouilles avec de grandes drupes (4-5g), ovo\u00efde [&hellip;]<\/p>\n","protected":false},"featured_media":30481,"template":"","meta":[],"product_cat":[217,221],"product_tag":[],"class_list":["post-30480","product","type-product","status-publish","has-post-thumbnail","hentry","product_cat-cultivar-fr-2","product_cat-cultivar-double"],"yoast_head":"<!-- This site is optimized with the Yoast SEO plugin v26.1 - https:\/\/yoast.com\/wordpress\/plugins\/seo\/ -->\n<title>Coratina - Vivai Alviano Bonelli - Cultivar a Pescia<\/title>\n<meta name=\"robots\" content=\"index, follow, max-snippet:-1, max-image-preview:large, max-video-preview:-1\" \/>\n<link rel=\"canonical\" href=\"https:\/\/www.vivaialvianobonelli.it\/fr\/piante\/coratina\/\" \/>\n<meta property=\"og:locale\" content=\"fr_FR\" \/>\n<meta property=\"og:type\" content=\"article\" \/>\n<meta property=\"og:title\" content=\"Coratina - Vivai Alviano Bonelli - Cultivar a Pescia\" \/>\n<meta property=\"og:description\" content=\"Racioppa di Corato, Racema. (zones d\u2019origine: APULIA) Arbre: Plante de taille moyenne et de port moyennement pendant. Le feuillage \u00e9largi, tendant \u00e0 la forme globulaire, porte des branches longues et flexibles. La feuille, vert fonc\u00e9, est elliptique et se termine par un l\u00e9ger mucron. Fruit: Plante typique des Pouilles avec de grandes drupes (4-5g), ovo\u00efde [&hellip;]\" \/>\n<meta property=\"og:url\" content=\"https:\/\/www.vivaialvianobonelli.it\/fr\/piante\/coratina\/\" \/>\n<meta property=\"og:site_name\" content=\"Vivai Alviano Bonelli - Cultivar a Pescia\" \/>\n<meta property=\"article:publisher\" content=\"https:\/\/www.facebook.com\/VivaiBonelli\/\" \/>\n<meta property=\"article:modified_time\" content=\"2023-06-14T13:20:47+00:00\" \/>\n<meta property=\"og:image\" content=\"https:\/\/www.vivaialvianobonelli.it\/wp-content\/uploads\/2023\/02\/itrana.jpg\" \/>\n\t<meta property=\"og:image:width\" content=\"200\" \/>\n\t<meta property=\"og:image:height\" content=\"200\" \/>\n\t<meta property=\"og:image:type\" content=\"image\/jpeg\" \/>\n<meta name=\"twitter:card\" content=\"summary_large_image\" \/>\n<meta name=\"twitter:label1\" content=\"Dur\u00e9e de lecture estim\u00e9e\" \/>\n\t<meta name=\"twitter:data1\" content=\"1 minute\" \/>\n<script type=\"application\/ld+json\" class=\"yoast-schema-graph\">{\"@context\":\"https:\/\/schema.org\",\"@graph\":[{\"@type\":\"WebPage\",\"@id\":\"https:\/\/www.vivaialvianobonelli.it\/fr\/piante\/coratina\/\",\"url\":\"https:\/\/www.vivaialvianobonelli.it\/fr\/piante\/coratina\/\",\"name\":\"Coratina - Vivai Alviano Bonelli - Cultivar a Pescia\",\"isPartOf\":{\"@id\":\"https:\/\/www.vivaialvianobonelli.it\/fr\/#website\"},\"primaryImageOfPage\":{\"@id\":\"https:\/\/www.vivaialvianobonelli.it\/fr\/piante\/coratina\/#primaryimage\"},\"image\":{\"@id\":\"https:\/\/www.vivaialvianobonelli.it\/fr\/piante\/coratina\/#primaryimage\"},\"thumbnailUrl\":\"https:\/\/www.vivaialvianobonelli.it\/wp-content\/uploads\/2023\/02\/itrana.jpg\",\"datePublished\":\"2023-02-14T09:27:32+00:00\",\"dateModified\":\"2023-06-14T13:20:47+00:00\",\"breadcrumb\":{\"@id\":\"https:\/\/www.vivaialvianobonelli.it\/fr\/piante\/coratina\/#breadcrumb\"},\"inLanguage\":\"fr-FR\",\"potentialAction\":[{\"@type\":\"ReadAction\",\"target\":[\"https:\/\/www.vivaialvianobonelli.it\/fr\/piante\/coratina\/\"]}]},{\"@type\":\"ImageObject\",\"inLanguage\":\"fr-FR\",\"@id\":\"https:\/\/www.vivaialvianobonelli.it\/fr\/piante\/coratina\/#primaryimage\",\"url\":\"https:\/\/www.vivaialvianobonelli.it\/wp-content\/uploads\/2023\/02\/itrana.jpg\",\"contentUrl\":\"https:\/\/www.vivaialvianobonelli.it\/wp-content\/uploads\/2023\/02\/itrana.jpg\",\"width\":200,\"height\":200},{\"@type\":\"BreadcrumbList\",\"@id\":\"https:\/\/www.vivaialvianobonelli.it\/fr\/piante\/coratina\/#breadcrumb\",\"itemListElement\":[{\"@type\":\"ListItem\",\"position\":1,\"name\":\"Home\",\"item\":\"https:\/\/www.vivaialvianobonelli.it\/fr\/\"},{\"@type\":\"ListItem\",\"position\":2,\"name\":\"Prodotti\",\"item\":\"https:\/\/www.vivaialvianobonelli.it\/piante-olivo-da-frutto-ornamentali-pescia\/\"},{\"@type\":\"ListItem\",\"position\":3,\"name\":\"Coratina\"}]},{\"@type\":\"WebSite\",\"@id\":\"https:\/\/www.vivaialvianobonelli.it\/fr\/#website\",\"url\":\"https:\/\/www.vivaialvianobonelli.it\/fr\/\",\"name\":\"Vivai Alviano Bonelli - Piante di Olivo a Pescia\",\"description\":\"Olivi, alberi da frutto e piante ornamentali\",\"publisher\":{\"@id\":\"https:\/\/www.vivaialvianobonelli.it\/fr\/#organization\"},\"potentialAction\":[{\"@type\":\"SearchAction\",\"target\":{\"@type\":\"EntryPoint\",\"urlTemplate\":\"https:\/\/www.vivaialvianobonelli.it\/fr\/?s={search_term_string}\"},\"query-input\":{\"@type\":\"PropertyValueSpecification\",\"valueRequired\":true,\"valueName\":\"search_term_string\"}}],\"inLanguage\":\"fr-FR\"},{\"@type\":\"Organization\",\"@id\":\"https:\/\/www.vivaialvianobonelli.it\/fr\/#organization\",\"name\":\"Vivai Alviano Bonelli\",\"url\":\"https:\/\/www.vivaialvianobonelli.it\/fr\/\",\"logo\":{\"@type\":\"ImageObject\",\"inLanguage\":\"fr-FR\",\"@id\":\"https:\/\/www.vivaialvianobonelli.it\/fr\/#\/schema\/logo\/image\/\",\"url\":\"http:\/\/www.vivaialvianobonelli.it\/wp-content\/uploads\/2023\/02\/logo_alviano_bonelli_nero.png\",\"contentUrl\":\"http:\/\/www.vivaialvianobonelli.it\/wp-content\/uploads\/2023\/02\/logo_alviano_bonelli_nero.png\",\"width\":1370,\"height\":411,\"caption\":\"Vivai Alviano Bonelli\"},\"image\":{\"@id\":\"https:\/\/www.vivaialvianobonelli.it\/fr\/#\/schema\/logo\/image\/\"},\"sameAs\":[\"https:\/\/www.facebook.com\/VivaiBonelli\/\"]}]}<\/script>\n<!-- \/ Yoast SEO plugin. -->","yoast_head_json":{"title":"Coratina - Vivai Alviano Bonelli - Cultivar a Pescia","robots":{"index":"index","follow":"follow","max-snippet":"max-snippet:-1","max-image-preview":"max-image-preview:large","max-video-preview":"max-video-preview:-1"},"canonical":"https:\/\/www.vivaialvianobonelli.it\/fr\/piante\/coratina\/","og_locale":"fr_FR","og_type":"article","og_title":"Coratina - Vivai Alviano Bonelli - Cultivar a Pescia","og_description":"Racioppa di Corato, Racema. (zones d\u2019origine: APULIA) Arbre: Plante de taille moyenne et de port moyennement pendant. Le feuillage \u00e9largi, tendant \u00e0 la forme globulaire, porte des branches longues et flexibles. La feuille, vert fonc\u00e9, est elliptique et se termine par un l\u00e9ger mucron. Fruit: Plante typique des Pouilles avec de grandes drupes (4-5g), ovo\u00efde [&hellip;]","og_url":"https:\/\/www.vivaialvianobonelli.it\/fr\/piante\/coratina\/","og_site_name":"Vivai Alviano Bonelli - Cultivar a Pescia","article_publisher":"https:\/\/www.facebook.com\/VivaiBonelli\/","article_modified_time":"2023-06-14T13:20:47+00:00","og_image":[{"width":200,"height":200,"url":"https:\/\/www.vivaialvianobonelli.it\/wp-content\/uploads\/2023\/02\/itrana.jpg","type":"image\/jpeg"}],"twitter_card":"summary_large_image","twitter_misc":{"Dur\u00e9e de lecture estim\u00e9e":"1 minute"},"schema":{"@context":"https:\/\/schema.org","@graph":[{"@type":"WebPage","@id":"https:\/\/www.vivaialvianobonelli.it\/fr\/piante\/coratina\/","url":"https:\/\/www.vivaialvianobonelli.it\/fr\/piante\/coratina\/","name":"Coratina - Vivai Alviano Bonelli - Cultivar a Pescia","isPartOf":{"@id":"https:\/\/www.vivaialvianobonelli.it\/fr\/#website"},"primaryImageOfPage":{"@id":"https:\/\/www.vivaialvianobonelli.it\/fr\/piante\/coratina\/#primaryimage"},"image":{"@id":"https:\/\/www.vivaialvianobonelli.it\/fr\/piante\/coratina\/#primaryimage"},"thumbnailUrl":"https:\/\/www.vivaialvianobonelli.it\/wp-content\/uploads\/2023\/02\/itrana.jpg","datePublished":"2023-02-14T09:27:32+00:00","dateModified":"2023-06-14T13:20:47+00:00","breadcrumb":{"@id":"https:\/\/www.vivaialvianobonelli.it\/fr\/piante\/coratina\/#breadcrumb"},"inLanguage":"fr-FR","potentialAction":[{"@type":"ReadAction","target":["https:\/\/www.vivaialvianobonelli.it\/fr\/piante\/coratina\/"]}]},{"@type":"ImageObject","inLanguage":"fr-FR","@id":"https:\/\/www.vivaialvianobonelli.it\/fr\/piante\/coratina\/#primaryimage","url":"https:\/\/www.vivaialvianobonelli.it\/wp-content\/uploads\/2023\/02\/itrana.jpg","contentUrl":"https:\/\/www.vivaialvianobonelli.it\/wp-content\/uploads\/2023\/02\/itrana.jpg","width":200,"height":200},{"@type":"BreadcrumbList","@id":"https:\/\/www.vivaialvianobonelli.it\/fr\/piante\/coratina\/#breadcrumb","itemListElement":[{"@type":"ListItem","position":1,"name":"Home","item":"https:\/\/www.vivaialvianobonelli.it\/fr\/"},{"@type":"ListItem","position":2,"name":"Prodotti","item":"https:\/\/www.vivaialvianobonelli.it\/piante-olivo-da-frutto-ornamentali-pescia\/"},{"@type":"ListItem","position":3,"name":"Coratina"}]},{"@type":"WebSite","@id":"https:\/\/www.vivaialvianobonelli.it\/fr\/#website","url":"https:\/\/www.vivaialvianobonelli.it\/fr\/","name":"Vivai Alviano Bonelli - Piante di Olivo a Pescia","description":"Olivi, alberi da frutto e piante ornamentali","publisher":{"@id":"https:\/\/www.vivaialvianobonelli.it\/fr\/#organization"},"potentialAction":[{"@type":"SearchAction","target":{"@type":"EntryPoint","urlTemplate":"https:\/\/www.vivaialvianobonelli.it\/fr\/?s={search_term_string}"},"query-input":{"@type":"PropertyValueSpecification","valueRequired":true,"valueName":"search_term_string"}}],"inLanguage":"fr-FR"},{"@type":"Organization","@id":"https:\/\/www.vivaialvianobonelli.it\/fr\/#organization","name":"Vivai Alviano Bonelli","url":"https:\/\/www.vivaialvianobonelli.it\/fr\/","logo":{"@type":"ImageObject","inLanguage":"fr-FR","@id":"https:\/\/www.vivaialvianobonelli.it\/fr\/#\/schema\/logo\/image\/","url":"http:\/\/www.vivaialvianobonelli.it\/wp-content\/uploads\/2023\/02\/logo_alviano_bonelli_nero.png","contentUrl":"http:\/\/www.vivaialvianobonelli.it\/wp-content\/uploads\/2023\/02\/logo_alviano_bonelli_nero.png","width":1370,"height":411,"caption":"Vivai Alviano Bonelli"},"image":{"@id":"https:\/\/www.vivaialvianobonelli.it\/fr\/#\/schema\/logo\/image\/"},"sameAs":["https:\/\/www.facebook.com\/VivaiBonelli\/"]}]}},"_links":{"self":[{"href":"https:\/\/www.vivaialvianobonelli.it\/fr\/wp-json\/wp\/v2\/product\/30480","targetHints":{"allow":["GET"]}}],"collection":[{"href":"https:\/\/www.vivaialvianobonelli.it\/fr\/wp-json\/wp\/v2\/product"}],"about":[{"href":"https:\/\/www.vivaialvianobonelli.it\/fr\/wp-json\/wp\/v2\/types\/product"}],"wp:featuredmedia":[{"embeddable":true,"href":"https:\/\/www.vivaialvianobonelli.it\/fr\/wp-json\/wp\/v2\/media\/30481"}],"wp:attachment":[{"href":"https:\/\/www.vivaialvianobonelli.it\/fr\/wp-json\/wp\/v2\/media?parent=30480"}],"wp:term":[{"taxonomy":"product_cat","embeddable":true,"href":"https:\/\/www.vivaialvianobonelli.it\/fr\/wp-json\/wp\/v2\/product_cat?post=30480"},{"taxonomy":"product_tag","embeddable":true,"href":"https:\/\/www.vivaialvianobonelli.it\/fr\/wp-json\/wp\/v2\/product_tag?post=30480"}],"curies":[{"name":"wp","href":"https:\/\/api.w.org\/{rel}","templated":true}]}}