{"id":30466,"date":"2023-02-14T09:27:32","date_gmt":"2023-02-14T09:27:32","guid":{"rendered":"http:\/\/www.vivaialvianobonelli.it\/product\/gordal-sevillana\/"},"modified":"2023-03-15T13:59:19","modified_gmt":"2023-03-15T13:59:19","slug":"gordal-sevillana","status":"publish","type":"product","link":"https:\/\/www.vivaialvianobonelli.it\/fr\/piante\/gordal-sevillana\/","title":{"rendered":"Gordal Sevillana"},"content":{"rendered":"<p>Sevillana, Gordales, Real<\/p>\n<p>zone d&#8217;origine: ANDALOUSIE (ESPAGNE)<\/p>\n<p><strong>Arbre : De vigueur moyenne, peu dress\u00e9, il a un port plut\u00f4t ouvert.<\/strong> Feuillage peu dense, avec de longs rameaux pendants et de grandes feuilles vert fonc\u00e9.<\/p>\n<p><strong>Fruit : De grosseur consid\u00e9rable (10-12g), elliptique-allong\u00e9, l\u00e9g\u00e8rement asym\u00e9trique avec un sommet rond ou subconique.<\/strong> Les drupes, qui ont un rapport pulpe\/noyau d&#8217;environ 85-86%, sont destin\u00e9es \u00e0 la table et sont r\u00e9colt\u00e9es vertes. La maturation est pr\u00e9coce mais plus tardive que celle d&#8217;Ascolana tenera.<\/p>\n<p><strong>Caract\u00e9ristiques agronomiques : Les arbres se pr\u00e9parent tr\u00e8s t\u00f4t \u00e0 la fructification.<\/strong> Cultivar autost\u00e9rile, il a une productivit\u00e9 \u00e9lev\u00e9e mais altern\u00e9e. Pollinisateurs : Manzanilla. Il r\u00e9siste bien au froid, \u00e0 l&#8217;humidit\u00e9, aux Dacus et \u00e0 la tuberculose.<\/p>\n<p><strong>Consid\u00e9rations : N\u00e9cessite des sols frais et fertiles ; cultivar tr\u00e8s r\u00e9pandu et appr\u00e9ci\u00e9 pour la taille particuli\u00e8re de ses fruits.<\/strong><\/p>\n","protected":false},"excerpt":{"rendered":"<p>Sevillana, Gordales, Real zone d&#8217;origine: ANDALOUSIE (ESPAGNE) Arbre : De vigueur moyenne, peu dress\u00e9, il a un port plut\u00f4t ouvert. Feuillage peu dense, avec de longs rameaux pendants et de grandes feuilles vert fonc\u00e9. Fruit : De grosseur consid\u00e9rable (10-12g), elliptique-allong\u00e9, l\u00e9g\u00e8rement asym\u00e9trique avec un sommet rond ou subconique. Les drupes, qui ont un rapport [&hellip;]<\/p>\n","protected":false},"featured_media":30467,"template":"","meta":[],"product_cat":[217,219],"product_tag":[],"class_list":["post-30466","product","type-product","status-publish","has-post-thumbnail","hentry","product_cat-cultivar-fr-2","product_cat-cultivar-de-table"],"yoast_head":"<!-- This site is optimized with the Yoast SEO plugin v26.1 - https:\/\/yoast.com\/wordpress\/plugins\/seo\/ -->\n<title>Gordal Sevillana - Vivai Alviano Bonelli - Cultivar a Pescia<\/title>\n<meta name=\"robots\" content=\"index, follow, max-snippet:-1, max-image-preview:large, max-video-preview:-1\" \/>\n<link rel=\"canonical\" href=\"https:\/\/www.vivaialvianobonelli.it\/fr\/piante\/gordal-sevillana\/\" \/>\n<meta property=\"og:locale\" content=\"fr_FR\" \/>\n<meta property=\"og:type\" content=\"article\" \/>\n<meta property=\"og:title\" content=\"Gordal Sevillana - Vivai Alviano Bonelli - Cultivar a Pescia\" \/>\n<meta property=\"og:description\" content=\"Sevillana, Gordales, Real zone d&#8217;origine: ANDALOUSIE (ESPAGNE) Arbre : De vigueur moyenne, peu dress\u00e9, il a un port plut\u00f4t ouvert. Feuillage peu dense, avec de longs rameaux pendants et de grandes feuilles vert fonc\u00e9. Fruit : De grosseur consid\u00e9rable (10-12g), elliptique-allong\u00e9, l\u00e9g\u00e8rement asym\u00e9trique avec un sommet rond ou subconique. Les drupes, qui ont un rapport [&hellip;]\" \/>\n<meta property=\"og:url\" content=\"https:\/\/www.vivaialvianobonelli.it\/fr\/piante\/gordal-sevillana\/\" \/>\n<meta property=\"og:site_name\" content=\"Vivai Alviano Bonelli - Cultivar a Pescia\" \/>\n<meta property=\"article:publisher\" content=\"https:\/\/www.facebook.com\/VivaiBonelli\/\" \/>\n<meta property=\"article:modified_time\" content=\"2023-03-15T13:59:19+00:00\" \/>\n<meta property=\"og:image\" content=\"https:\/\/www.vivaialvianobonelli.it\/wp-content\/uploads\/2023\/02\/grossadispagna.jpg\" \/>\n\t<meta property=\"og:image:width\" content=\"200\" \/>\n\t<meta property=\"og:image:height\" content=\"200\" \/>\n\t<meta property=\"og:image:type\" content=\"image\/jpeg\" \/>\n<meta name=\"twitter:card\" content=\"summary_large_image\" \/>\n<meta name=\"twitter:label1\" content=\"Dur\u00e9e de lecture estim\u00e9e\" \/>\n\t<meta name=\"twitter:data1\" content=\"1 minute\" \/>\n<script type=\"application\/ld+json\" class=\"yoast-schema-graph\">{\"@context\":\"https:\/\/schema.org\",\"@graph\":[{\"@type\":\"WebPage\",\"@id\":\"https:\/\/www.vivaialvianobonelli.it\/fr\/piante\/gordal-sevillana\/\",\"url\":\"https:\/\/www.vivaialvianobonelli.it\/fr\/piante\/gordal-sevillana\/\",\"name\":\"Gordal Sevillana - Vivai Alviano Bonelli - Cultivar a Pescia\",\"isPartOf\":{\"@id\":\"https:\/\/www.vivaialvianobonelli.it\/fr\/#website\"},\"primaryImageOfPage\":{\"@id\":\"https:\/\/www.vivaialvianobonelli.it\/fr\/piante\/gordal-sevillana\/#primaryimage\"},\"image\":{\"@id\":\"https:\/\/www.vivaialvianobonelli.it\/fr\/piante\/gordal-sevillana\/#primaryimage\"},\"thumbnailUrl\":\"https:\/\/www.vivaialvianobonelli.it\/wp-content\/uploads\/2023\/02\/grossadispagna.jpg\",\"datePublished\":\"2023-02-14T09:27:32+00:00\",\"dateModified\":\"2023-03-15T13:59:19+00:00\",\"breadcrumb\":{\"@id\":\"https:\/\/www.vivaialvianobonelli.it\/fr\/piante\/gordal-sevillana\/#breadcrumb\"},\"inLanguage\":\"fr-FR\",\"potentialAction\":[{\"@type\":\"ReadAction\",\"target\":[\"https:\/\/www.vivaialvianobonelli.it\/fr\/piante\/gordal-sevillana\/\"]}]},{\"@type\":\"ImageObject\",\"inLanguage\":\"fr-FR\",\"@id\":\"https:\/\/www.vivaialvianobonelli.it\/fr\/piante\/gordal-sevillana\/#primaryimage\",\"url\":\"https:\/\/www.vivaialvianobonelli.it\/wp-content\/uploads\/2023\/02\/grossadispagna.jpg\",\"contentUrl\":\"https:\/\/www.vivaialvianobonelli.it\/wp-content\/uploads\/2023\/02\/grossadispagna.jpg\",\"width\":200,\"height\":200},{\"@type\":\"BreadcrumbList\",\"@id\":\"https:\/\/www.vivaialvianobonelli.it\/fr\/piante\/gordal-sevillana\/#breadcrumb\",\"itemListElement\":[{\"@type\":\"ListItem\",\"position\":1,\"name\":\"Home\",\"item\":\"https:\/\/www.vivaialvianobonelli.it\/fr\/\"},{\"@type\":\"ListItem\",\"position\":2,\"name\":\"Prodotti\",\"item\":\"https:\/\/www.vivaialvianobonelli.it\/piante-olivo-da-frutto-ornamentali-pescia\/\"},{\"@type\":\"ListItem\",\"position\":3,\"name\":\"Gordal Sevillana\"}]},{\"@type\":\"WebSite\",\"@id\":\"https:\/\/www.vivaialvianobonelli.it\/fr\/#website\",\"url\":\"https:\/\/www.vivaialvianobonelli.it\/fr\/\",\"name\":\"Vivai Alviano Bonelli - Piante di Olivo a Pescia\",\"description\":\"Olivi, alberi da frutto e piante ornamentali\",\"publisher\":{\"@id\":\"https:\/\/www.vivaialvianobonelli.it\/fr\/#organization\"},\"potentialAction\":[{\"@type\":\"SearchAction\",\"target\":{\"@type\":\"EntryPoint\",\"urlTemplate\":\"https:\/\/www.vivaialvianobonelli.it\/fr\/?s={search_term_string}\"},\"query-input\":{\"@type\":\"PropertyValueSpecification\",\"valueRequired\":true,\"valueName\":\"search_term_string\"}}],\"inLanguage\":\"fr-FR\"},{\"@type\":\"Organization\",\"@id\":\"https:\/\/www.vivaialvianobonelli.it\/fr\/#organization\",\"name\":\"Vivai Alviano Bonelli\",\"url\":\"https:\/\/www.vivaialvianobonelli.it\/fr\/\",\"logo\":{\"@type\":\"ImageObject\",\"inLanguage\":\"fr-FR\",\"@id\":\"https:\/\/www.vivaialvianobonelli.it\/fr\/#\/schema\/logo\/image\/\",\"url\":\"http:\/\/www.vivaialvianobonelli.it\/wp-content\/uploads\/2023\/02\/logo_alviano_bonelli_nero.png\",\"contentUrl\":\"http:\/\/www.vivaialvianobonelli.it\/wp-content\/uploads\/2023\/02\/logo_alviano_bonelli_nero.png\",\"width\":1370,\"height\":411,\"caption\":\"Vivai Alviano Bonelli\"},\"image\":{\"@id\":\"https:\/\/www.vivaialvianobonelli.it\/fr\/#\/schema\/logo\/image\/\"},\"sameAs\":[\"https:\/\/www.facebook.com\/VivaiBonelli\/\"]}]}<\/script>\n<!-- \/ Yoast SEO plugin. -->","yoast_head_json":{"title":"Gordal Sevillana - Vivai Alviano Bonelli - Cultivar a Pescia","robots":{"index":"index","follow":"follow","max-snippet":"max-snippet:-1","max-image-preview":"max-image-preview:large","max-video-preview":"max-video-preview:-1"},"canonical":"https:\/\/www.vivaialvianobonelli.it\/fr\/piante\/gordal-sevillana\/","og_locale":"fr_FR","og_type":"article","og_title":"Gordal Sevillana - Vivai Alviano Bonelli - Cultivar a Pescia","og_description":"Sevillana, Gordales, Real zone d&#8217;origine: ANDALOUSIE (ESPAGNE) Arbre : De vigueur moyenne, peu dress\u00e9, il a un port plut\u00f4t ouvert. Feuillage peu dense, avec de longs rameaux pendants et de grandes feuilles vert fonc\u00e9. Fruit : De grosseur consid\u00e9rable (10-12g), elliptique-allong\u00e9, l\u00e9g\u00e8rement asym\u00e9trique avec un sommet rond ou subconique. Les drupes, qui ont un rapport [&hellip;]","og_url":"https:\/\/www.vivaialvianobonelli.it\/fr\/piante\/gordal-sevillana\/","og_site_name":"Vivai Alviano Bonelli - Cultivar a Pescia","article_publisher":"https:\/\/www.facebook.com\/VivaiBonelli\/","article_modified_time":"2023-03-15T13:59:19+00:00","og_image":[{"width":200,"height":200,"url":"https:\/\/www.vivaialvianobonelli.it\/wp-content\/uploads\/2023\/02\/grossadispagna.jpg","type":"image\/jpeg"}],"twitter_card":"summary_large_image","twitter_misc":{"Dur\u00e9e de lecture estim\u00e9e":"1 minute"},"schema":{"@context":"https:\/\/schema.org","@graph":[{"@type":"WebPage","@id":"https:\/\/www.vivaialvianobonelli.it\/fr\/piante\/gordal-sevillana\/","url":"https:\/\/www.vivaialvianobonelli.it\/fr\/piante\/gordal-sevillana\/","name":"Gordal Sevillana - Vivai Alviano Bonelli - Cultivar a Pescia","isPartOf":{"@id":"https:\/\/www.vivaialvianobonelli.it\/fr\/#website"},"primaryImageOfPage":{"@id":"https:\/\/www.vivaialvianobonelli.it\/fr\/piante\/gordal-sevillana\/#primaryimage"},"image":{"@id":"https:\/\/www.vivaialvianobonelli.it\/fr\/piante\/gordal-sevillana\/#primaryimage"},"thumbnailUrl":"https:\/\/www.vivaialvianobonelli.it\/wp-content\/uploads\/2023\/02\/grossadispagna.jpg","datePublished":"2023-02-14T09:27:32+00:00","dateModified":"2023-03-15T13:59:19+00:00","breadcrumb":{"@id":"https:\/\/www.vivaialvianobonelli.it\/fr\/piante\/gordal-sevillana\/#breadcrumb"},"inLanguage":"fr-FR","potentialAction":[{"@type":"ReadAction","target":["https:\/\/www.vivaialvianobonelli.it\/fr\/piante\/gordal-sevillana\/"]}]},{"@type":"ImageObject","inLanguage":"fr-FR","@id":"https:\/\/www.vivaialvianobonelli.it\/fr\/piante\/gordal-sevillana\/#primaryimage","url":"https:\/\/www.vivaialvianobonelli.it\/wp-content\/uploads\/2023\/02\/grossadispagna.jpg","contentUrl":"https:\/\/www.vivaialvianobonelli.it\/wp-content\/uploads\/2023\/02\/grossadispagna.jpg","width":200,"height":200},{"@type":"BreadcrumbList","@id":"https:\/\/www.vivaialvianobonelli.it\/fr\/piante\/gordal-sevillana\/#breadcrumb","itemListElement":[{"@type":"ListItem","position":1,"name":"Home","item":"https:\/\/www.vivaialvianobonelli.it\/fr\/"},{"@type":"ListItem","position":2,"name":"Prodotti","item":"https:\/\/www.vivaialvianobonelli.it\/piante-olivo-da-frutto-ornamentali-pescia\/"},{"@type":"ListItem","position":3,"name":"Gordal Sevillana"}]},{"@type":"WebSite","@id":"https:\/\/www.vivaialvianobonelli.it\/fr\/#website","url":"https:\/\/www.vivaialvianobonelli.it\/fr\/","name":"Vivai Alviano Bonelli - Piante di Olivo a Pescia","description":"Olivi, alberi da frutto e piante ornamentali","publisher":{"@id":"https:\/\/www.vivaialvianobonelli.it\/fr\/#organization"},"potentialAction":[{"@type":"SearchAction","target":{"@type":"EntryPoint","urlTemplate":"https:\/\/www.vivaialvianobonelli.it\/fr\/?s={search_term_string}"},"query-input":{"@type":"PropertyValueSpecification","valueRequired":true,"valueName":"search_term_string"}}],"inLanguage":"fr-FR"},{"@type":"Organization","@id":"https:\/\/www.vivaialvianobonelli.it\/fr\/#organization","name":"Vivai Alviano Bonelli","url":"https:\/\/www.vivaialvianobonelli.it\/fr\/","logo":{"@type":"ImageObject","inLanguage":"fr-FR","@id":"https:\/\/www.vivaialvianobonelli.it\/fr\/#\/schema\/logo\/image\/","url":"http:\/\/www.vivaialvianobonelli.it\/wp-content\/uploads\/2023\/02\/logo_alviano_bonelli_nero.png","contentUrl":"http:\/\/www.vivaialvianobonelli.it\/wp-content\/uploads\/2023\/02\/logo_alviano_bonelli_nero.png","width":1370,"height":411,"caption":"Vivai Alviano Bonelli"},"image":{"@id":"https:\/\/www.vivaialvianobonelli.it\/fr\/#\/schema\/logo\/image\/"},"sameAs":["https:\/\/www.facebook.com\/VivaiBonelli\/"]}]}},"_links":{"self":[{"href":"https:\/\/www.vivaialvianobonelli.it\/fr\/wp-json\/wp\/v2\/product\/30466","targetHints":{"allow":["GET"]}}],"collection":[{"href":"https:\/\/www.vivaialvianobonelli.it\/fr\/wp-json\/wp\/v2\/product"}],"about":[{"href":"https:\/\/www.vivaialvianobonelli.it\/fr\/wp-json\/wp\/v2\/types\/product"}],"wp:featuredmedia":[{"embeddable":true,"href":"https:\/\/www.vivaialvianobonelli.it\/fr\/wp-json\/wp\/v2\/media\/30467"}],"wp:attachment":[{"href":"https:\/\/www.vivaialvianobonelli.it\/fr\/wp-json\/wp\/v2\/media?parent=30466"}],"wp:term":[{"taxonomy":"product_cat","embeddable":true,"href":"https:\/\/www.vivaialvianobonelli.it\/fr\/wp-json\/wp\/v2\/product_cat?post=30466"},{"taxonomy":"product_tag","embeddable":true,"href":"https:\/\/www.vivaialvianobonelli.it\/fr\/wp-json\/wp\/v2\/product_tag?post=30466"}],"curies":[{"name":"wp","href":"https:\/\/api.w.org\/{rel}","templated":true}]}}