{"id":30450,"date":"2023-02-14T09:27:32","date_gmt":"2023-02-14T09:27:32","guid":{"rendered":"http:\/\/www.vivaialvianobonelli.it\/product\/variete-jaune-peach-pates-assorties-pates-peche-blanche-varietes-assorties-peche-nectarine-variete-assortis\/"},"modified":"2023-02-14T09:59:45","modified_gmt":"2023-02-14T09:59:45","slug":"variete-jaune-peach-pates-assorties-pates-peche-blanche-varietes-assorties-peche-nectarine-variete-assortis","status":"publish","type":"product","link":"https:\/\/www.vivaialvianobonelli.it\/fr\/piante\/variete-jaune-peach-pates-assorties-pates-peche-blanche-varietes-assorties-peche-nectarine-variete-assortis\/","title":{"rendered":"Vari\u00e9t\u00e9 jaune Peach p\u00e2tes assorties &#8230; <\/ br> P\u00e2tes P\u00eache Blanche Vari\u00e9t\u00e9s assorties &#8230; <\/ br> P\u00eache Nectarine Vari\u00e9t\u00e9 assortis &#8230; <\/ br>"},"content":{"rendered":"","protected":false},"excerpt":{"rendered":"","protected":false},"featured_media":29357,"template":"","meta":[],"product_cat":[213],"product_tag":[],"class_list":["post-30450","product","type-product","status-publish","has-post-thumbnail","hentry","product_cat-arbres-fruitiers-biologiques-et-conventionnels"],"yoast_head":"<!-- This site is optimized with the Yoast SEO plugin v26.1 - https:\/\/yoast.com\/wordpress\/plugins\/seo\/ -->\n<title>Vari\u00e9t\u00e9 jaune Peach p\u00e2tes assorties ...  P\u00e2tes P\u00eache Blanche Vari\u00e9t\u00e9s assorties ...  P\u00eache Nectarine Vari\u00e9t\u00e9 assortis ...  - Vivai Alviano Bonelli - Cultivar a Pescia<\/title>\n<meta name=\"robots\" content=\"index, follow, max-snippet:-1, max-image-preview:large, max-video-preview:-1\" \/>\n<link rel=\"canonical\" href=\"https:\/\/www.vivaialvianobonelli.it\/fr\/piante\/variete-jaune-peach-pates-assorties-pates-peche-blanche-varietes-assorties-peche-nectarine-variete-assortis\/\" \/>\n<meta property=\"og:locale\" content=\"fr_FR\" \/>\n<meta property=\"og:type\" content=\"article\" \/>\n<meta property=\"og:title\" content=\"Vari\u00e9t\u00e9 jaune Peach p\u00e2tes assorties ...  P\u00e2tes P\u00eache Blanche Vari\u00e9t\u00e9s assorties ...  P\u00eache Nectarine Vari\u00e9t\u00e9 assortis ...  - Vivai Alviano Bonelli - Cultivar a Pescia\" \/>\n<meta property=\"og:url\" content=\"https:\/\/www.vivaialvianobonelli.it\/fr\/piante\/variete-jaune-peach-pates-assorties-pates-peche-blanche-varietes-assorties-peche-nectarine-variete-assortis\/\" \/>\n<meta property=\"og:site_name\" content=\"Vivai Alviano Bonelli - Cultivar a Pescia\" \/>\n<meta property=\"article:publisher\" content=\"https:\/\/www.facebook.com\/VivaiBonelli\/\" \/>\n<meta property=\"article:modified_time\" content=\"2023-02-14T09:59:45+00:00\" \/>\n<meta property=\"og:image\" content=\"https:\/\/www.vivaialvianobonelli.it\/wp-content\/uploads\/2023\/02\/susino.jpg\" \/>\n\t<meta property=\"og:image:width\" content=\"468\" \/>\n\t<meta property=\"og:image:height\" content=\"450\" \/>\n\t<meta property=\"og:image:type\" content=\"image\/jpeg\" \/>\n<meta name=\"twitter:card\" content=\"summary_large_image\" \/>\n<script type=\"application\/ld+json\" class=\"yoast-schema-graph\">{\"@context\":\"https:\/\/schema.org\",\"@graph\":[{\"@type\":\"WebPage\",\"@id\":\"https:\/\/www.vivaialvianobonelli.it\/fr\/piante\/variete-jaune-peach-pates-assorties-pates-peche-blanche-varietes-assorties-peche-nectarine-variete-assortis\/\",\"url\":\"https:\/\/www.vivaialvianobonelli.it\/fr\/piante\/variete-jaune-peach-pates-assorties-pates-peche-blanche-varietes-assorties-peche-nectarine-variete-assortis\/\",\"name\":\"Vari\u00e9t\u00e9 jaune Peach p\u00e2tes assorties ... P\u00e2tes P\u00eache Blanche Vari\u00e9t\u00e9s assorties ... P\u00eache Nectarine Vari\u00e9t\u00e9 assortis ... - Vivai Alviano Bonelli - Cultivar a Pescia\",\"isPartOf\":{\"@id\":\"https:\/\/www.vivaialvianobonelli.it\/fr\/#website\"},\"primaryImageOfPage\":{\"@id\":\"https:\/\/www.vivaialvianobonelli.it\/fr\/piante\/variete-jaune-peach-pates-assorties-pates-peche-blanche-varietes-assorties-peche-nectarine-variete-assortis\/#primaryimage\"},\"image\":{\"@id\":\"https:\/\/www.vivaialvianobonelli.it\/fr\/piante\/variete-jaune-peach-pates-assorties-pates-peche-blanche-varietes-assorties-peche-nectarine-variete-assortis\/#primaryimage\"},\"thumbnailUrl\":\"https:\/\/www.vivaialvianobonelli.it\/wp-content\/uploads\/2023\/02\/susino.jpg\",\"datePublished\":\"2023-02-14T09:27:32+00:00\",\"dateModified\":\"2023-02-14T09:59:45+00:00\",\"breadcrumb\":{\"@id\":\"https:\/\/www.vivaialvianobonelli.it\/fr\/piante\/variete-jaune-peach-pates-assorties-pates-peche-blanche-varietes-assorties-peche-nectarine-variete-assortis\/#breadcrumb\"},\"inLanguage\":\"fr-FR\",\"potentialAction\":[{\"@type\":\"ReadAction\",\"target\":[\"https:\/\/www.vivaialvianobonelli.it\/fr\/piante\/variete-jaune-peach-pates-assorties-pates-peche-blanche-varietes-assorties-peche-nectarine-variete-assortis\/\"]}]},{\"@type\":\"ImageObject\",\"inLanguage\":\"fr-FR\",\"@id\":\"https:\/\/www.vivaialvianobonelli.it\/fr\/piante\/variete-jaune-peach-pates-assorties-pates-peche-blanche-varietes-assorties-peche-nectarine-variete-assortis\/#primaryimage\",\"url\":\"https:\/\/www.vivaialvianobonelli.it\/wp-content\/uploads\/2023\/02\/susino.jpg\",\"contentUrl\":\"https:\/\/www.vivaialvianobonelli.it\/wp-content\/uploads\/2023\/02\/susino.jpg\",\"width\":468,\"height\":450},{\"@type\":\"BreadcrumbList\",\"@id\":\"https:\/\/www.vivaialvianobonelli.it\/fr\/piante\/variete-jaune-peach-pates-assorties-pates-peche-blanche-varietes-assorties-peche-nectarine-variete-assortis\/#breadcrumb\",\"itemListElement\":[{\"@type\":\"ListItem\",\"position\":1,\"name\":\"Home\",\"item\":\"https:\/\/www.vivaialvianobonelli.it\/fr\/\"},{\"@type\":\"ListItem\",\"position\":2,\"name\":\"Prodotti\",\"item\":\"https:\/\/www.vivaialvianobonelli.it\/piante-olivo-da-frutto-ornamentali-pescia\/\"},{\"@type\":\"ListItem\",\"position\":3,\"name\":\"Vari\u00e9t\u00e9 jaune Peach p\u00e2tes assorties &#8230; P\u00e2tes P\u00eache Blanche Vari\u00e9t\u00e9s assorties &#8230; P\u00eache Nectarine Vari\u00e9t\u00e9 assortis &#8230;\"}]},{\"@type\":\"WebSite\",\"@id\":\"https:\/\/www.vivaialvianobonelli.it\/fr\/#website\",\"url\":\"https:\/\/www.vivaialvianobonelli.it\/fr\/\",\"name\":\"Vivai Alviano Bonelli - Piante di Olivo a Pescia\",\"description\":\"Olivi, alberi da frutto e piante ornamentali\",\"publisher\":{\"@id\":\"https:\/\/www.vivaialvianobonelli.it\/fr\/#organization\"},\"potentialAction\":[{\"@type\":\"SearchAction\",\"target\":{\"@type\":\"EntryPoint\",\"urlTemplate\":\"https:\/\/www.vivaialvianobonelli.it\/fr\/?s={search_term_string}\"},\"query-input\":{\"@type\":\"PropertyValueSpecification\",\"valueRequired\":true,\"valueName\":\"search_term_string\"}}],\"inLanguage\":\"fr-FR\"},{\"@type\":\"Organization\",\"@id\":\"https:\/\/www.vivaialvianobonelli.it\/fr\/#organization\",\"name\":\"Vivai Alviano Bonelli\",\"url\":\"https:\/\/www.vivaialvianobonelli.it\/fr\/\",\"logo\":{\"@type\":\"ImageObject\",\"inLanguage\":\"fr-FR\",\"@id\":\"https:\/\/www.vivaialvianobonelli.it\/fr\/#\/schema\/logo\/image\/\",\"url\":\"http:\/\/www.vivaialvianobonelli.it\/wp-content\/uploads\/2023\/02\/logo_alviano_bonelli_nero.png\",\"contentUrl\":\"http:\/\/www.vivaialvianobonelli.it\/wp-content\/uploads\/2023\/02\/logo_alviano_bonelli_nero.png\",\"width\":1370,\"height\":411,\"caption\":\"Vivai Alviano Bonelli\"},\"image\":{\"@id\":\"https:\/\/www.vivaialvianobonelli.it\/fr\/#\/schema\/logo\/image\/\"},\"sameAs\":[\"https:\/\/www.facebook.com\/VivaiBonelli\/\"]}]}<\/script>\n<!-- \/ Yoast SEO plugin. -->","yoast_head_json":{"title":"Vari\u00e9t\u00e9 jaune Peach p\u00e2tes assorties ...  P\u00e2tes P\u00eache Blanche Vari\u00e9t\u00e9s assorties ...  P\u00eache Nectarine Vari\u00e9t\u00e9 assortis ...  - Vivai Alviano Bonelli - Cultivar a Pescia","robots":{"index":"index","follow":"follow","max-snippet":"max-snippet:-1","max-image-preview":"max-image-preview:large","max-video-preview":"max-video-preview:-1"},"canonical":"https:\/\/www.vivaialvianobonelli.it\/fr\/piante\/variete-jaune-peach-pates-assorties-pates-peche-blanche-varietes-assorties-peche-nectarine-variete-assortis\/","og_locale":"fr_FR","og_type":"article","og_title":"Vari\u00e9t\u00e9 jaune Peach p\u00e2tes assorties ...  P\u00e2tes P\u00eache Blanche Vari\u00e9t\u00e9s assorties ...  P\u00eache Nectarine Vari\u00e9t\u00e9 assortis ...  - Vivai Alviano Bonelli - Cultivar a Pescia","og_url":"https:\/\/www.vivaialvianobonelli.it\/fr\/piante\/variete-jaune-peach-pates-assorties-pates-peche-blanche-varietes-assorties-peche-nectarine-variete-assortis\/","og_site_name":"Vivai Alviano Bonelli - Cultivar a Pescia","article_publisher":"https:\/\/www.facebook.com\/VivaiBonelli\/","article_modified_time":"2023-02-14T09:59:45+00:00","og_image":[{"width":468,"height":450,"url":"https:\/\/www.vivaialvianobonelli.it\/wp-content\/uploads\/2023\/02\/susino.jpg","type":"image\/jpeg"}],"twitter_card":"summary_large_image","schema":{"@context":"https:\/\/schema.org","@graph":[{"@type":"WebPage","@id":"https:\/\/www.vivaialvianobonelli.it\/fr\/piante\/variete-jaune-peach-pates-assorties-pates-peche-blanche-varietes-assorties-peche-nectarine-variete-assortis\/","url":"https:\/\/www.vivaialvianobonelli.it\/fr\/piante\/variete-jaune-peach-pates-assorties-pates-peche-blanche-varietes-assorties-peche-nectarine-variete-assortis\/","name":"Vari\u00e9t\u00e9 jaune Peach p\u00e2tes assorties ... P\u00e2tes P\u00eache Blanche Vari\u00e9t\u00e9s assorties ... P\u00eache Nectarine Vari\u00e9t\u00e9 assortis ... - Vivai Alviano Bonelli - Cultivar a Pescia","isPartOf":{"@id":"https:\/\/www.vivaialvianobonelli.it\/fr\/#website"},"primaryImageOfPage":{"@id":"https:\/\/www.vivaialvianobonelli.it\/fr\/piante\/variete-jaune-peach-pates-assorties-pates-peche-blanche-varietes-assorties-peche-nectarine-variete-assortis\/#primaryimage"},"image":{"@id":"https:\/\/www.vivaialvianobonelli.it\/fr\/piante\/variete-jaune-peach-pates-assorties-pates-peche-blanche-varietes-assorties-peche-nectarine-variete-assortis\/#primaryimage"},"thumbnailUrl":"https:\/\/www.vivaialvianobonelli.it\/wp-content\/uploads\/2023\/02\/susino.jpg","datePublished":"2023-02-14T09:27:32+00:00","dateModified":"2023-02-14T09:59:45+00:00","breadcrumb":{"@id":"https:\/\/www.vivaialvianobonelli.it\/fr\/piante\/variete-jaune-peach-pates-assorties-pates-peche-blanche-varietes-assorties-peche-nectarine-variete-assortis\/#breadcrumb"},"inLanguage":"fr-FR","potentialAction":[{"@type":"ReadAction","target":["https:\/\/www.vivaialvianobonelli.it\/fr\/piante\/variete-jaune-peach-pates-assorties-pates-peche-blanche-varietes-assorties-peche-nectarine-variete-assortis\/"]}]},{"@type":"ImageObject","inLanguage":"fr-FR","@id":"https:\/\/www.vivaialvianobonelli.it\/fr\/piante\/variete-jaune-peach-pates-assorties-pates-peche-blanche-varietes-assorties-peche-nectarine-variete-assortis\/#primaryimage","url":"https:\/\/www.vivaialvianobonelli.it\/wp-content\/uploads\/2023\/02\/susino.jpg","contentUrl":"https:\/\/www.vivaialvianobonelli.it\/wp-content\/uploads\/2023\/02\/susino.jpg","width":468,"height":450},{"@type":"BreadcrumbList","@id":"https:\/\/www.vivaialvianobonelli.it\/fr\/piante\/variete-jaune-peach-pates-assorties-pates-peche-blanche-varietes-assorties-peche-nectarine-variete-assortis\/#breadcrumb","itemListElement":[{"@type":"ListItem","position":1,"name":"Home","item":"https:\/\/www.vivaialvianobonelli.it\/fr\/"},{"@type":"ListItem","position":2,"name":"Prodotti","item":"https:\/\/www.vivaialvianobonelli.it\/piante-olivo-da-frutto-ornamentali-pescia\/"},{"@type":"ListItem","position":3,"name":"Vari\u00e9t\u00e9 jaune Peach p\u00e2tes assorties &#8230; P\u00e2tes P\u00eache Blanche Vari\u00e9t\u00e9s assorties &#8230; P\u00eache Nectarine Vari\u00e9t\u00e9 assortis &#8230;"}]},{"@type":"WebSite","@id":"https:\/\/www.vivaialvianobonelli.it\/fr\/#website","url":"https:\/\/www.vivaialvianobonelli.it\/fr\/","name":"Vivai Alviano Bonelli - Piante di Olivo a Pescia","description":"Olivi, alberi da frutto e piante ornamentali","publisher":{"@id":"https:\/\/www.vivaialvianobonelli.it\/fr\/#organization"},"potentialAction":[{"@type":"SearchAction","target":{"@type":"EntryPoint","urlTemplate":"https:\/\/www.vivaialvianobonelli.it\/fr\/?s={search_term_string}"},"query-input":{"@type":"PropertyValueSpecification","valueRequired":true,"valueName":"search_term_string"}}],"inLanguage":"fr-FR"},{"@type":"Organization","@id":"https:\/\/www.vivaialvianobonelli.it\/fr\/#organization","name":"Vivai Alviano Bonelli","url":"https:\/\/www.vivaialvianobonelli.it\/fr\/","logo":{"@type":"ImageObject","inLanguage":"fr-FR","@id":"https:\/\/www.vivaialvianobonelli.it\/fr\/#\/schema\/logo\/image\/","url":"http:\/\/www.vivaialvianobonelli.it\/wp-content\/uploads\/2023\/02\/logo_alviano_bonelli_nero.png","contentUrl":"http:\/\/www.vivaialvianobonelli.it\/wp-content\/uploads\/2023\/02\/logo_alviano_bonelli_nero.png","width":1370,"height":411,"caption":"Vivai Alviano Bonelli"},"image":{"@id":"https:\/\/www.vivaialvianobonelli.it\/fr\/#\/schema\/logo\/image\/"},"sameAs":["https:\/\/www.facebook.com\/VivaiBonelli\/"]}]}},"_links":{"self":[{"href":"https:\/\/www.vivaialvianobonelli.it\/fr\/wp-json\/wp\/v2\/product\/30450","targetHints":{"allow":["GET"]}}],"collection":[{"href":"https:\/\/www.vivaialvianobonelli.it\/fr\/wp-json\/wp\/v2\/product"}],"about":[{"href":"https:\/\/www.vivaialvianobonelli.it\/fr\/wp-json\/wp\/v2\/types\/product"}],"wp:featuredmedia":[{"embeddable":true,"href":"https:\/\/www.vivaialvianobonelli.it\/fr\/wp-json\/wp\/v2\/media\/29357"}],"wp:attachment":[{"href":"https:\/\/www.vivaialvianobonelli.it\/fr\/wp-json\/wp\/v2\/media?parent=30450"}],"wp:term":[{"taxonomy":"product_cat","embeddable":true,"href":"https:\/\/www.vivaialvianobonelli.it\/fr\/wp-json\/wp\/v2\/product_cat?post=30450"},{"taxonomy":"product_tag","embeddable":true,"href":"https:\/\/www.vivaialvianobonelli.it\/fr\/wp-json\/wp\/v2\/product_tag?post=30450"}],"curies":[{"name":"wp","href":"https:\/\/api.w.org\/{rel}","templated":true}]}}